{"id":2548,"date":"2024-08-10T15:41:29","date_gmt":"2024-08-10T15:41:29","guid":{"rendered":"https:\/\/jlconstructoreslab.art\/?page_id=2548"},"modified":"2024-08-23T01:30:00","modified_gmt":"2024-08-23T01:30:00","slug":"rigor-mortis","status":"publish","type":"page","link":"https:\/\/jlconstructoreslab.art\/index.php\/rigor-mortis\/","title":{"rendered":"RIGOR MORTIS"},"content":{"rendered":"\t\t<div data-elementor-type=\"wp-page\" data-elementor-id=\"2548\" class=\"elementor elementor-2548\">\n\t\t\t\t\t\t\t\t\t<section class=\"elementor-section elementor-top-section elementor-element elementor-element-5be1c10 elementor-section-boxed elementor-section-height-default elementor-section-height-default\" data-id=\"5be1c10\" data-element_type=\"section\">\n\t\t\t\t\t\t<div class=\"elementor-container elementor-column-gap-default\">\n\t\t\t\t\t<div class=\"elementor-column elementor-col-100 elementor-top-column elementor-element elementor-element-5ee5277\" data-id=\"5ee5277\" data-element_type=\"column\">\n\t\t\t<div class=\"elementor-widget-wrap elementor-element-populated\">\n\t\t\t\t\t\t\t\t<div class=\"elementor-element elementor-element-01c7eaa elementor-widget elementor-widget-image\" data-id=\"01c7eaa\" data-element_type=\"widget\" data-widget_type=\"image.default\">\n\t\t\t\t<div class=\"elementor-widget-container\">\n\t\t\t<style>\/*! elementor - v3.6.7 - 03-07-2022 *\/\n.elementor-widget-image{text-align:center}.elementor-widget-image a{display:inline-block}.elementor-widget-image a img[src$=\".svg\"]{width:48px}.elementor-widget-image img{vertical-align:middle;display:inline-block}<\/style>\t\t\t\t\t\t\t\t\t\t\t\t<img decoding=\"async\" width=\"800\" height=\"618\" src=\"https:\/\/jlconstructoreslab.art\/wp-content\/uploads\/2024\/08\/page_1-1024x791.jpg\" class=\"attachment-large size-large\" alt=\"\" loading=\"lazy\" srcset=\"https:\/\/jlconstructoreslab.art\/wp-content\/uploads\/2024\/08\/page_1-1024x791.jpg 1024w, https:\/\/jlconstructoreslab.art\/wp-content\/uploads\/2024\/08\/page_1-300x232.jpg 300w, https:\/\/jlconstructoreslab.art\/wp-content\/uploads\/2024\/08\/page_1-768x593.jpg 768w, https:\/\/jlconstructoreslab.art\/wp-content\/uploads\/2024\/08\/page_1.jpg 1496w\" sizes=\"(max-width: 800px) 100vw, 800px\" \/>\t\t\t\t\t\t\t\t\t\t\t\t\t\t\t<\/div>\n\t\t\t\t<\/div>\n\t\t\t\t<div class=\"elementor-element elementor-element-b395471 elementor-widget elementor-widget-text-editor\" data-id=\"b395471\" data-element_type=\"widget\" data-widget_type=\"text-editor.default\">\n\t\t\t\t<div class=\"elementor-widget-container\">\n\t\t\t<style>\/*! elementor - v3.6.7 - 03-07-2022 *\/\n.elementor-widget-text-editor.elementor-drop-cap-view-stacked .elementor-drop-cap{background-color:#818a91;color:#fff}.elementor-widget-text-editor.elementor-drop-cap-view-framed .elementor-drop-cap{color:#818a91;border:3px solid;background-color:transparent}.elementor-widget-text-editor:not(.elementor-drop-cap-view-default) .elementor-drop-cap{margin-top:8px}.elementor-widget-text-editor:not(.elementor-drop-cap-view-default) .elementor-drop-cap-letter{width:1em;height:1em}.elementor-widget-text-editor .elementor-drop-cap{float:left;text-align:center;line-height:1;font-size:50px}.elementor-widget-text-editor .elementor-drop-cap-letter{display:inline-block}<\/style>\t\t\t\t<p style=\"text-align: left;\"><span style=\"color: #7a7a7a; font-weight: 400; text-align: justify; font-family: var( --e-global-typography-primary-font-family ), Sans-serif; font-size: 1rem;\">&nbsp;<\/span><\/p>\n<p style=\"text-align: left;\"><span style=\"color: #7a7a7a; font-family: var( --e-global-typography-primary-font-family ), Sans-serif; font-size: 1rem; font-weight: 400; text-align: justify;\">&nbsp;<\/span><\/p>\n<p style=\"text-align: left;\"><span style=\"color: #7a7a7a; font-family: var( --e-global-typography-primary-font-family ), Sans-serif; font-size: 1rem; font-weight: 400; text-align: justify;\">Rigor Mortis es un proyecto conformado por pinturas, dibujos, grabados, objetos creados y coleccionados todos con un car\u00e1cter religioso, medicinal y animal. En estas obras, se exploran e investigan imaginarios sobre el cuerpo en sus fracciones y el estado de &#8220;rigor mortis&#8221;, que da nombre a la muestra. El rigor mortis, o&nbsp; rigidez de la muerte es un signo identificable de fallecimiento originado por un cambio qu\u00edmicos en los m\u00fasculos que provoca un estado de rigidez durante cierto tiempo. Las obras se combinan entre s\u00ed para generar nuevos di\u00e1logos sobre la muerte desde perspectivas morales y cient\u00edficas.<\/span><\/p>\n<p style=\"text-align: left;\"><span style=\"color: #7a7a7a; font-weight: 400; text-align: justify;\">&#8221; La muerte no es un proceso que implica una p\u00e9rdida total y repentina de la vida, sino un fen\u00f3meno lento y progresivo&#8221;.<\/span><\/p>\n<p style=\"text-align: left;\"><span style=\"color: #7a7a7a; font-weight: 400; text-align: justify;\">&nbsp;<\/span><\/p>\t\t\t\t\t\t<\/div>\n\t\t\t\t<\/div>\n\t\t\t\t\t<\/div>\n\t\t<\/div>\n\t\t\t\t\t\t\t<\/div>\n\t\t<\/section>\n\t\t\t\t<section class=\"elementor-section elementor-top-section elementor-element elementor-element-d55e87f elementor-section-boxed elementor-section-height-default elementor-section-height-default\" data-id=\"d55e87f\" data-element_type=\"section\">\n\t\t\t\t\t\t<div class=\"elementor-container elementor-column-gap-default\">\n\t\t\t\t\t<div class=\"elementor-column elementor-col-100 elementor-top-column elementor-element elementor-element-5c51454\" data-id=\"5c51454\" data-element_type=\"column\">\n\t\t\t<div class=\"elementor-widget-wrap elementor-element-populated\">\n\t\t\t\t\t\t\t\t<div class=\"elementor-element elementor-element-34cdc01 elementor-arrows-position-inside elementor-pagination-position-outside elementor-widget elementor-widget-image-carousel\" data-id=\"34cdc01\" data-element_type=\"widget\" data-settings=\"{&quot;navigation&quot;:&quot;both&quot;,&quot;autoplay&quot;:&quot;yes&quot;,&quot;pause_on_hover&quot;:&quot;yes&quot;,&quot;pause_on_interaction&quot;:&quot;yes&quot;,&quot;autoplay_speed&quot;:5000,&quot;infinite&quot;:&quot;yes&quot;,&quot;speed&quot;:500}\" data-widget_type=\"image-carousel.default\">\n\t\t\t\t<div class=\"elementor-widget-container\">\n\t\t\t<style>\/*! elementor - v3.6.7 - 03-07-2022 *\/\n.elementor-widget-image-carousel .swiper-container{position:static}.elementor-widget-image-carousel .swiper-container .swiper-slide figure{line-height:inherit}.elementor-widget-image-carousel .swiper-slide{text-align:center}.elementor-image-carousel-wrapper:not(.swiper-container-initialized) .swiper-slide{max-width:calc(100% \/ var(--e-image-carousel-slides-to-show, 3))}<\/style>\t\t<div class=\"elementor-image-carousel-wrapper swiper-container\" dir=\"ltr\">\n\t\t\t<div class=\"elementor-image-carousel swiper-wrapper\">\n\t\t\t\t\t\t\t\t<div class=\"swiper-slide\"><figure class=\"swiper-slide-inner\"><img decoding=\"async\" class=\"swiper-slide-image\" src=\"https:\/\/jlconstructoreslab.art\/wp-content\/uploads\/2024\/08\/13708326_1715749715314259_4131063349142216315_o.jpg\" alt=\"13708326_1715749715314259_4131063349142216315_o\" \/><\/figure><\/div><div class=\"swiper-slide\"><figure class=\"swiper-slide-inner\"><img decoding=\"async\" class=\"swiper-slide-image\" src=\"https:\/\/jlconstructoreslab.art\/wp-content\/uploads\/2024\/08\/13726682_1714084692147428_6259509323944564743_n.jpg\" alt=\"13726682_1714084692147428_6259509323944564743_n\" \/><\/figure><\/div><div class=\"swiper-slide\"><figure class=\"swiper-slide-inner\"><img decoding=\"async\" class=\"swiper-slide-image\" src=\"https:\/\/jlconstructoreslab.art\/wp-content\/uploads\/2024\/08\/13690588_1714084738814090_2307374239620302159_n.jpg\" alt=\"13690588_1714084738814090_2307374239620302159_n\" \/><\/figure><\/div><div class=\"swiper-slide\"><figure class=\"swiper-slide-inner\"><img decoding=\"async\" class=\"swiper-slide-image\" src=\"https:\/\/jlconstructoreslab.art\/wp-content\/uploads\/2024\/08\/65a8af7b28311d608f65eb3d473f8a7b.jpg\" alt=\"65a8af7b28311d608f65eb3d473f8a7b\" \/><\/figure><\/div><div class=\"swiper-slide\"><figure class=\"swiper-slide-inner\"><img decoding=\"async\" class=\"swiper-slide-image\" src=\"https:\/\/jlconstructoreslab.art\/wp-content\/uploads\/2024\/08\/438edd5f5b0ffcf6d393dee07d4c63a4.jpg\" alt=\"438edd5f5b0ffcf6d393dee07d4c63a4\" \/><\/figure><\/div><div class=\"swiper-slide\"><figure class=\"swiper-slide-inner\"><img decoding=\"async\" class=\"swiper-slide-image\" src=\"https:\/\/jlconstructoreslab.art\/wp-content\/uploads\/2024\/08\/a8c57428c64f37b90ecf29ca42fa6976.jpg\" alt=\"a8c57428c64f37b90ecf29ca42fa6976\" \/><\/figure><\/div><div class=\"swiper-slide\"><figure class=\"swiper-slide-inner\"><img decoding=\"async\" class=\"swiper-slide-image\" src=\"https:\/\/jlconstructoreslab.art\/wp-content\/uploads\/2024\/08\/DSC00344-1152x1536.jpg\" alt=\"DSC00344\" \/><\/figure><\/div><div class=\"swiper-slide\"><figure class=\"swiper-slide-inner\"><img decoding=\"async\" class=\"swiper-slide-image\" src=\"https:\/\/jlconstructoreslab.art\/wp-content\/uploads\/2024\/08\/13692485_1714084698814094_108208738133809907_n.jpg\" alt=\"13692485_1714084698814094_108208738133809907_n\" \/><\/figure><\/div><div class=\"swiper-slide\"><figure class=\"swiper-slide-inner\"><img decoding=\"async\" class=\"swiper-slide-image\" src=\"https:\/\/jlconstructoreslab.art\/wp-content\/uploads\/2024\/08\/788033ddf45a2be7d0f277c36de77782.jpg\" alt=\"788033ddf45a2be7d0f277c36de77782\" \/><\/figure><\/div><div class=\"swiper-slide\"><figure class=\"swiper-slide-inner\"><img decoding=\"async\" class=\"swiper-slide-image\" src=\"https:\/\/jlconstructoreslab.art\/wp-content\/uploads\/2024\/08\/a8530b66022779ea66b3274474291f62.jpg\" alt=\"a8530b66022779ea66b3274474291f62\" \/><\/figure><\/div><div class=\"swiper-slide\"><figure class=\"swiper-slide-inner\"><img decoding=\"async\" class=\"swiper-slide-image\" src=\"https:\/\/jlconstructoreslab.art\/wp-content\/uploads\/2024\/08\/2ed15821cf810fbea03159ece8cf2571.jpg\" alt=\"2ed15821cf810fbea03159ece8cf2571\" \/><\/figure><\/div><div class=\"swiper-slide\"><figure class=\"swiper-slide-inner\"><img decoding=\"async\" class=\"swiper-slide-image\" src=\"https:\/\/jlconstructoreslab.art\/wp-content\/uploads\/2024\/08\/13716017_1714084765480754_3062513561758475922_n.jpg\" alt=\"13716017_1714084765480754_3062513561758475922_n\" \/><\/figure><\/div><div class=\"swiper-slide\"><figure class=\"swiper-slide-inner\"><img decoding=\"async\" class=\"swiper-slide-image\" src=\"https:\/\/jlconstructoreslab.art\/wp-content\/uploads\/2024\/08\/88eee64481248b5d92bc3f38aa6a94b0.jpg\" alt=\"88eee64481248b5d92bc3f38aa6a94b0\" \/><\/figure><\/div><div class=\"swiper-slide\"><figure class=\"swiper-slide-inner\"><img decoding=\"async\" class=\"swiper-slide-image\" src=\"https:\/\/jlconstructoreslab.art\/wp-content\/uploads\/2024\/08\/df916dce41401894b7b4e30400bfdf49.jpg\" alt=\"df916dce41401894b7b4e30400bfdf49\" \/><\/figure><\/div><div class=\"swiper-slide\"><figure class=\"swiper-slide-inner\"><img decoding=\"async\" class=\"swiper-slide-image\" src=\"https:\/\/jlconstructoreslab.art\/wp-content\/uploads\/2024\/08\/56e7db7633aeb88d2d7ff6d75d43e5dc.jpg\" alt=\"56e7db7633aeb88d2d7ff6d75d43e5dc\" \/><\/figure><\/div><div class=\"swiper-slide\"><figure class=\"swiper-slide-inner\"><img decoding=\"async\" class=\"swiper-slide-image\" src=\"https:\/\/jlconstructoreslab.art\/wp-content\/uploads\/2024\/08\/24e790431eca2c359ee15c6f0b20af1c.jpg\" alt=\"24e790431eca2c359ee15c6f0b20af1c\" \/><\/figure><\/div><div class=\"swiper-slide\"><figure class=\"swiper-slide-inner\"><img decoding=\"async\" class=\"swiper-slide-image\" src=\"https:\/\/jlconstructoreslab.art\/wp-content\/uploads\/2024\/08\/82dad510cf3ae4244068999087ffe5b4.jpg\" alt=\"82dad510cf3ae4244068999087ffe5b4\" \/><\/figure><\/div><div class=\"swiper-slide\"><figure class=\"swiper-slide-inner\"><img decoding=\"async\" class=\"swiper-slide-image\" src=\"https:\/\/jlconstructoreslab.art\/wp-content\/uploads\/2024\/08\/35d0ed564fb3feeed5d34692f2ab69f0.jpg\" alt=\"35d0ed564fb3feeed5d34692f2ab69f0\" \/><\/figure><\/div><div class=\"swiper-slide\"><figure class=\"swiper-slide-inner\"><img decoding=\"async\" class=\"swiper-slide-image\" src=\"https:\/\/jlconstructoreslab.art\/wp-content\/uploads\/2024\/08\/c2c02203081db9be0cfd7cda6301f967.jpg\" alt=\"c2c02203081db9be0cfd7cda6301f967\" \/><\/figure><\/div><div class=\"swiper-slide\"><figure class=\"swiper-slide-inner\"><img decoding=\"async\" class=\"swiper-slide-image\" src=\"https:\/\/jlconstructoreslab.art\/wp-content\/uploads\/2024\/08\/13690879_1714084755480755_3495905491387837183_n.jpg\" alt=\"13690879_1714084755480755_3495905491387837183_n\" \/><\/figure><\/div><div class=\"swiper-slide\"><figure class=\"swiper-slide-inner\"><img decoding=\"async\" class=\"swiper-slide-image\" src=\"https:\/\/jlconstructoreslab.art\/wp-content\/uploads\/2024\/08\/SAM_4105-1536x1152.jpg\" alt=\"SAM_4105\" \/><\/figure><\/div><div class=\"swiper-slide\"><figure class=\"swiper-slide-inner\"><img decoding=\"async\" class=\"swiper-slide-image\" src=\"https:\/\/jlconstructoreslab.art\/wp-content\/uploads\/2024\/08\/13710458_1714118378810726_8307150708850595267_o-1-1536x1152.jpg\" alt=\"13710458_1714118378810726_8307150708850595267_o (1)\" \/><\/figure><\/div><div class=\"swiper-slide\"><figure class=\"swiper-slide-inner\"><img decoding=\"async\" class=\"swiper-slide-image\" src=\"https:\/\/jlconstructoreslab.art\/wp-content\/uploads\/2024\/08\/13710458_1714118465477384_4822847085872845025_o-1536x1152.jpg\" alt=\"13710458_1714118465477384_4822847085872845025_o\" \/><\/figure><\/div><div class=\"swiper-slide\"><figure class=\"swiper-slide-inner\"><img decoding=\"async\" class=\"swiper-slide-image\" src=\"https:\/\/jlconstructoreslab.art\/wp-content\/uploads\/2024\/08\/13717430_1714118478810716_2635444860456606240_o-1-1152x1536.jpg\" alt=\"13717430_1714118478810716_2635444860456606240_o\" \/><\/figure><\/div><div class=\"swiper-slide\"><figure class=\"swiper-slide-inner\"><img decoding=\"async\" class=\"swiper-slide-image\" src=\"https:\/\/jlconstructoreslab.art\/wp-content\/uploads\/2024\/08\/13719456_1714118502144047_864854948338235574_o-1536x1152.jpg\" alt=\"13719456_1714118502144047_864854948338235574_o\" \/><\/figure><\/div><div class=\"swiper-slide\"><figure class=\"swiper-slide-inner\"><img decoding=\"async\" class=\"swiper-slide-image\" src=\"https:\/\/jlconstructoreslab.art\/wp-content\/uploads\/2024\/08\/SAM_2204-1536x1152.jpg\" alt=\"SAM_2204\" \/><\/figure><\/div><div class=\"swiper-slide\"><figure class=\"swiper-slide-inner\"><img decoding=\"async\" class=\"swiper-slide-image\" src=\"https:\/\/jlconstructoreslab.art\/wp-content\/uploads\/2024\/08\/SAM_2202-1536x1152.jpg\" alt=\"SAM_2202\" \/><\/figure><\/div><div class=\"swiper-slide\"><figure class=\"swiper-slide-inner\"><img decoding=\"async\" class=\"swiper-slide-image\" src=\"https:\/\/jlconstructoreslab.art\/wp-content\/uploads\/2024\/08\/SAM_2205-1536x1152.jpg\" alt=\"SAM_2205\" \/><\/figure><\/div><div class=\"swiper-slide\"><figure class=\"swiper-slide-inner\"><img decoding=\"async\" class=\"swiper-slide-image\" src=\"https:\/\/jlconstructoreslab.art\/wp-content\/uploads\/2024\/08\/13767203_1714119425477288_3358864287642228237_o-1536x1152.jpg\" alt=\"13767203_1714119425477288_3358864287642228237_o\" \/><\/figure><\/div><div class=\"swiper-slide\"><figure class=\"swiper-slide-inner\"><img decoding=\"async\" class=\"swiper-slide-image\" src=\"https:\/\/jlconstructoreslab.art\/wp-content\/uploads\/2024\/08\/SAM_2203-1536x1152.jpg\" alt=\"SAM_2203\" \/><\/figure><\/div>\t\t\t<\/div>\n\t\t\t\t\t\t\t\t\t\t\t\t<div class=\"swiper-pagination\"><\/div>\n\t\t\t\t\t\t\t\t\t\t\t\t\t<div class=\"elementor-swiper-button elementor-swiper-button-prev\">\n\t\t\t\t\t\t<i aria-hidden=\"true\" class=\"eicon-chevron-left\"><\/i>\t\t\t\t\t\t<span class=\"elementor-screen-only\">Anterior<\/span>\n\t\t\t\t\t<\/div>\n\t\t\t\t\t<div class=\"elementor-swiper-button elementor-swiper-button-next\">\n\t\t\t\t\t\t<i aria-hidden=\"true\" class=\"eicon-chevron-right\"><\/i>\t\t\t\t\t\t<span class=\"elementor-screen-only\">Siguiente<\/span>\n\t\t\t\t\t<\/div>\n\t\t\t\t\t\t\t\t\t<\/div>\n\t\t\t\t<\/div>\n\t\t\t\t<\/div>\n\t\t\t\t<div class=\"elementor-element elementor-element-0014231 elementor-arrows-position-inside elementor-pagination-position-outside elementor-widget elementor-widget-image-carousel\" data-id=\"0014231\" data-element_type=\"widget\" data-settings=\"{&quot;navigation&quot;:&quot;both&quot;,&quot;autoplay&quot;:&quot;yes&quot;,&quot;pause_on_hover&quot;:&quot;yes&quot;,&quot;pause_on_interaction&quot;:&quot;yes&quot;,&quot;autoplay_speed&quot;:5000,&quot;infinite&quot;:&quot;yes&quot;,&quot;speed&quot;:500}\" data-widget_type=\"image-carousel.default\">\n\t\t\t\t<div class=\"elementor-widget-container\">\n\t\t\t\t\t<div class=\"elementor-image-carousel-wrapper swiper-container\" dir=\"ltr\">\n\t\t\t<div class=\"elementor-image-carousel swiper-wrapper\">\n\t\t\t\t\t\t\t\t<div class=\"swiper-slide\"><figure class=\"swiper-slide-inner\"><img decoding=\"async\" class=\"swiper-slide-image\" src=\"https:\/\/jlconstructoreslab.art\/wp-content\/uploads\/2024\/08\/page_1.jpg\" alt=\"page_1\" \/><\/figure><\/div><div class=\"swiper-slide\"><figure class=\"swiper-slide-inner\"><img decoding=\"async\" class=\"swiper-slide-image\" src=\"https:\/\/jlconstructoreslab.art\/wp-content\/uploads\/2024\/08\/page_2.jpg\" alt=\"page_2\" \/><\/figure><\/div><div class=\"swiper-slide\"><figure class=\"swiper-slide-inner\"><img decoding=\"async\" class=\"swiper-slide-image\" src=\"https:\/\/jlconstructoreslab.art\/wp-content\/uploads\/2024\/08\/page_3.jpg\" alt=\"page_3\" \/><\/figure><\/div><div class=\"swiper-slide\"><figure class=\"swiper-slide-inner\"><img decoding=\"async\" class=\"swiper-slide-image\" src=\"https:\/\/jlconstructoreslab.art\/wp-content\/uploads\/2024\/08\/page_4.jpg\" alt=\"page_4\" \/><\/figure><\/div><div class=\"swiper-slide\"><figure class=\"swiper-slide-inner\"><img decoding=\"async\" class=\"swiper-slide-image\" src=\"https:\/\/jlconstructoreslab.art\/wp-content\/uploads\/2024\/08\/page_5.jpg\" alt=\"page_5\" \/><\/figure><\/div><div class=\"swiper-slide\"><figure class=\"swiper-slide-inner\"><img decoding=\"async\" class=\"swiper-slide-image\" src=\"https:\/\/jlconstructoreslab.art\/wp-content\/uploads\/2024\/08\/page_6.jpg\" alt=\"page_6\" \/><\/figure><\/div><div class=\"swiper-slide\"><figure class=\"swiper-slide-inner\"><img decoding=\"async\" class=\"swiper-slide-image\" src=\"https:\/\/jlconstructoreslab.art\/wp-content\/uploads\/2024\/08\/page_7.jpg\" alt=\"page_7\" \/><\/figure><\/div><div class=\"swiper-slide\"><figure class=\"swiper-slide-inner\"><img decoding=\"async\" class=\"swiper-slide-image\" src=\"https:\/\/jlconstructoreslab.art\/wp-content\/uploads\/2024\/08\/page_8.jpg\" alt=\"page_8\" \/><\/figure><\/div><div class=\"swiper-slide\"><figure class=\"swiper-slide-inner\"><img decoding=\"async\" class=\"swiper-slide-image\" src=\"https:\/\/jlconstructoreslab.art\/wp-content\/uploads\/2024\/08\/page_9.jpg\" alt=\"page_9\" \/><\/figure><\/div>\t\t\t<\/div>\n\t\t\t\t\t\t\t\t\t\t\t\t<div class=\"swiper-pagination\"><\/div>\n\t\t\t\t\t\t\t\t\t\t\t\t\t<div class=\"elementor-swiper-button elementor-swiper-button-prev\">\n\t\t\t\t\t\t<i aria-hidden=\"true\" class=\"eicon-chevron-left\"><\/i>\t\t\t\t\t\t<span class=\"elementor-screen-only\">Anterior<\/span>\n\t\t\t\t\t<\/div>\n\t\t\t\t\t<div class=\"elementor-swiper-button elementor-swiper-button-next\">\n\t\t\t\t\t\t<i aria-hidden=\"true\" class=\"eicon-chevron-right\"><\/i>\t\t\t\t\t\t<span class=\"elementor-screen-only\">Siguiente<\/span>\n\t\t\t\t\t<\/div>\n\t\t\t\t\t\t\t\t\t<\/div>\n\t\t\t\t<\/div>\n\t\t\t\t<\/div>\n\t\t\t\t\t<\/div>\n\t\t<\/div>\n\t\t\t\t\t\t\t<\/div>\n\t\t<\/section>\n\t\t\t\t\t\t\t<\/div>\n\t\t","protected":false},"excerpt":{"rendered":"<p>&nbsp; &nbsp; Rigor Mortis es un proyecto conformado por pinturas, dibujos, grabados, objetos creados y coleccionados todos con un car\u00e1cter religioso, medicinal y animal. En estas obras, se exploran e investigan imaginarios sobre el cuerpo en sus fracciones y el estado de &#8220;rigor mortis&#8221;, que da nombre a la muestra. El rigor mortis, o&nbsp; rigidez [&hellip;]<\/p>\n","protected":false},"author":1,"featured_media":0,"parent":0,"menu_order":0,"comment_status":"closed","ping_status":"closed","template":"","meta":{"om_disable_all_campaigns":false,"_monsterinsights_skip_tracking":false,"_monsterinsights_sitenote_active":false,"_monsterinsights_sitenote_note":"","_monsterinsights_sitenote_category":0},"_links":{"self":[{"href":"https:\/\/jlconstructoreslab.art\/index.php\/wp-json\/wp\/v2\/pages\/2548"}],"collection":[{"href":"https:\/\/jlconstructoreslab.art\/index.php\/wp-json\/wp\/v2\/pages"}],"about":[{"href":"https:\/\/jlconstructoreslab.art\/index.php\/wp-json\/wp\/v2\/types\/page"}],"author":[{"embeddable":true,"href":"https:\/\/jlconstructoreslab.art\/index.php\/wp-json\/wp\/v2\/users\/1"}],"replies":[{"embeddable":true,"href":"https:\/\/jlconstructoreslab.art\/index.php\/wp-json\/wp\/v2\/comments?post=2548"}],"version-history":[{"count":20,"href":"https:\/\/jlconstructoreslab.art\/index.php\/wp-json\/wp\/v2\/pages\/2548\/revisions"}],"predecessor-version":[{"id":2744,"href":"https:\/\/jlconstructoreslab.art\/index.php\/wp-json\/wp\/v2\/pages\/2548\/revisions\/2744"}],"wp:attachment":[{"href":"https:\/\/jlconstructoreslab.art\/index.php\/wp-json\/wp\/v2\/media?parent=2548"}],"curies":[{"name":"wp","href":"https:\/\/api.w.org\/{rel}","templated":true}]}}