{"id":2375,"date":"2023-11-22T02:38:47","date_gmt":"2023-11-22T02:38:47","guid":{"rendered":"https:\/\/jlconstructoreslab.art\/?page_id=2375"},"modified":"2025-01-27T20:21:26","modified_gmt":"2025-01-27T20:21:26","slug":"construccion-social","status":"publish","type":"page","link":"https:\/\/jlconstructoreslab.art\/index.php\/construccion-social\/","title":{"rendered":"CONSTRUCCI\u00d3N SOCIAL"},"content":{"rendered":"\t\t<div data-elementor-type=\"wp-page\" data-elementor-id=\"2375\" class=\"elementor elementor-2375\">\n\t\t\t\t\t\t\t\t\t<section class=\"elementor-section elementor-top-section elementor-element elementor-element-2643a8c elementor-section-height-min-height elementor-section-boxed elementor-section-height-default elementor-section-items-middle\" data-id=\"2643a8c\" data-element_type=\"section\" data-settings=\"{&quot;background_background&quot;:&quot;classic&quot;}\">\n\t\t\t\t\t\t\t<div class=\"elementor-background-overlay\"><\/div>\n\t\t\t\t\t\t\t<div class=\"elementor-container elementor-column-gap-default\">\n\t\t\t\t\t<div class=\"elementor-column elementor-col-100 elementor-top-column elementor-element elementor-element-73cc52c\" data-id=\"73cc52c\" data-element_type=\"column\">\n\t\t\t<div class=\"elementor-widget-wrap elementor-element-populated\">\n\t\t\t\t\t\t\t\t<div class=\"elementor-element elementor-element-62e4066 elementor-widget elementor-widget-heading\" data-id=\"62e4066\" data-element_type=\"widget\" data-widget_type=\"heading.default\">\n\t\t\t\t<div class=\"elementor-widget-container\">\n\t\t\t<style>\/*! elementor - v3.6.7 - 03-07-2022 *\/\n.elementor-heading-title{padding:0;margin:0;line-height:1}.elementor-widget-heading .elementor-heading-title[class*=elementor-size-]>a{color:inherit;font-size:inherit;line-height:inherit}.elementor-widget-heading .elementor-heading-title.elementor-size-small{font-size:15px}.elementor-widget-heading .elementor-heading-title.elementor-size-medium{font-size:19px}.elementor-widget-heading .elementor-heading-title.elementor-size-large{font-size:29px}.elementor-widget-heading .elementor-heading-title.elementor-size-xl{font-size:39px}.elementor-widget-heading .elementor-heading-title.elementor-size-xxl{font-size:59px}<\/style><h1 class=\"elementor-heading-title elementor-size-default\">CONSTRUCCI\u00d3N SOCIAL<\/h1>\t\t<\/div>\n\t\t\t\t<\/div>\n\t\t\t\t\t<\/div>\n\t\t<\/div>\n\t\t\t\t\t\t\t<\/div>\n\t\t<\/section>\n\t\t\t\t<section class=\"elementor-section elementor-top-section elementor-element elementor-element-f4fec84 elementor-section-boxed elementor-section-height-default elementor-section-height-default\" data-id=\"f4fec84\" data-element_type=\"section\">\n\t\t\t\t\t\t<div class=\"elementor-container elementor-column-gap-default\">\n\t\t\t\t\t<div class=\"elementor-column elementor-col-100 elementor-top-column elementor-element elementor-element-8fda8d6\" data-id=\"8fda8d6\" data-element_type=\"column\">\n\t\t\t<div class=\"elementor-widget-wrap elementor-element-populated\">\n\t\t\t\t\t\t\t\t<div class=\"elementor-element elementor-element-e6cb9f3 elementor-widget elementor-widget-text-editor\" data-id=\"e6cb9f3\" data-element_type=\"widget\" data-widget_type=\"text-editor.default\">\n\t\t\t\t<div class=\"elementor-widget-container\">\n\t\t\t<style>\/*! elementor - v3.6.7 - 03-07-2022 *\/\n.elementor-widget-text-editor.elementor-drop-cap-view-stacked .elementor-drop-cap{background-color:#818a91;color:#fff}.elementor-widget-text-editor.elementor-drop-cap-view-framed .elementor-drop-cap{color:#818a91;border:3px solid;background-color:transparent}.elementor-widget-text-editor:not(.elementor-drop-cap-view-default) .elementor-drop-cap{margin-top:8px}.elementor-widget-text-editor:not(.elementor-drop-cap-view-default) .elementor-drop-cap-letter{width:1em;height:1em}.elementor-widget-text-editor .elementor-drop-cap{float:left;text-align:center;line-height:1;font-size:50px}.elementor-widget-text-editor .elementor-drop-cap-letter{display:inline-block}<\/style>\t\t\t\t<p>\u00a0<\/p><p>Esta obra contiene el significado metaf\u00f3rico de los anhelos de una vida mejor, en el mundo popular, comunitario; algunas colectividades populares, buscan tener acceso a un modelo b\u00e1sico de econom\u00edas informales para llegar a un nivel de vida \u201cideal\u201d. Este grupo de palabras populares: -salud, dinero y amor- -casa, carro, beca- aluden a los sue\u00f1os, muchas veces robados o simplemente inalcanzables, de comunidades que viven buscando un mundo mejor y al mismo tiempo, una realidad que construyen colectivamente sin casa, ni carro, ni beca.<br \/>La obra est\u00e1 realizada con poli sombra y hojilla de oro. Los materiales nos hablan de la demolici\u00f3n de esos sue\u00f1os colectivos de muchas familias que vendieron sus casas para aportar a un supuesto mejoramiento en la ciudad, como la utop\u00eda de la construcci\u00f3n de un metro, todo sin realidades tangibles, en una econom\u00eda cada vez m\u00e1s costosa, en una b\u00fasqueda de oro que nunca lleg\u00f3.<\/p>\t\t\t\t\t\t<\/div>\n\t\t\t\t<\/div>\n\t\t\t\t<div class=\"elementor-element elementor-element-a58799f elementor-widget elementor-widget-image\" data-id=\"a58799f\" data-element_type=\"widget\" data-widget_type=\"image.default\">\n\t\t\t\t<div class=\"elementor-widget-container\">\n\t\t\t<style>\/*! elementor - v3.6.7 - 03-07-2022 *\/\n.elementor-widget-image{text-align:center}.elementor-widget-image a{display:inline-block}.elementor-widget-image a img[src$=\".svg\"]{width:48px}.elementor-widget-image img{vertical-align:middle;display:inline-block}<\/style>\t\t\t\t\t\t\t\t\t\t\t\t<img decoding=\"async\" width=\"768\" height=\"511\" src=\"https:\/\/jlconstructoreslab.art\/wp-content\/uploads\/2023\/11\/CASA-768x511.jpg\" class=\"attachment-medium_large size-medium_large\" alt=\"\" loading=\"lazy\" srcset=\"https:\/\/jlconstructoreslab.art\/wp-content\/uploads\/2023\/11\/CASA-768x511.jpg 768w, https:\/\/jlconstructoreslab.art\/wp-content\/uploads\/2023\/11\/CASA-300x200.jpg 300w, https:\/\/jlconstructoreslab.art\/wp-content\/uploads\/2023\/11\/CASA-1024x681.jpg 1024w, https:\/\/jlconstructoreslab.art\/wp-content\/uploads\/2023\/11\/CASA-1536x1022.jpg 1536w, https:\/\/jlconstructoreslab.art\/wp-content\/uploads\/2023\/11\/CASA-2048x1363.jpg 2048w\" sizes=\"(max-width: 768px) 100vw, 768px\" \/>\t\t\t\t\t\t\t\t\t\t\t\t\t\t\t<\/div>\n\t\t\t\t<\/div>\n\t\t\t\t<div class=\"elementor-element elementor-element-4e745d5 elementor-widget elementor-widget-image\" data-id=\"4e745d5\" data-element_type=\"widget\" data-widget_type=\"image.default\">\n\t\t\t\t<div class=\"elementor-widget-container\">\n\t\t\t\t\t\t\t\t\t\t\t\t\t\t\t<img decoding=\"async\" width=\"768\" height=\"509\" src=\"https:\/\/jlconstructoreslab.art\/wp-content\/uploads\/2023\/11\/CARRO-768x509.jpg\" class=\"attachment-medium_large size-medium_large\" alt=\"\" loading=\"lazy\" srcset=\"https:\/\/jlconstructoreslab.art\/wp-content\/uploads\/2023\/11\/CARRO-768x509.jpg 768w, https:\/\/jlconstructoreslab.art\/wp-content\/uploads\/2023\/11\/CARRO-300x199.jpg 300w, https:\/\/jlconstructoreslab.art\/wp-content\/uploads\/2023\/11\/CARRO-1024x678.jpg 1024w, https:\/\/jlconstructoreslab.art\/wp-content\/uploads\/2023\/11\/CARRO-1536x1017.jpg 1536w, https:\/\/jlconstructoreslab.art\/wp-content\/uploads\/2023\/11\/CARRO-2048x1357.jpg 2048w\" sizes=\"(max-width: 768px) 100vw, 768px\" \/>\t\t\t\t\t\t\t\t\t\t\t\t\t\t\t<\/div>\n\t\t\t\t<\/div>\n\t\t\t\t<div class=\"elementor-element elementor-element-bc20742 elementor-widget elementor-widget-image\" data-id=\"bc20742\" data-element_type=\"widget\" data-widget_type=\"image.default\">\n\t\t\t\t<div class=\"elementor-widget-container\">\n\t\t\t\t\t\t\t\t\t\t\t\t\t\t\t<img decoding=\"async\" width=\"768\" height=\"514\" src=\"https:\/\/jlconstructoreslab.art\/wp-content\/uploads\/2023\/11\/BECA-768x514.jpg\" class=\"attachment-medium_large size-medium_large\" alt=\"\" loading=\"lazy\" srcset=\"https:\/\/jlconstructoreslab.art\/wp-content\/uploads\/2023\/11\/BECA-768x514.jpg 768w, https:\/\/jlconstructoreslab.art\/wp-content\/uploads\/2023\/11\/BECA-300x201.jpg 300w, https:\/\/jlconstructoreslab.art\/wp-content\/uploads\/2023\/11\/BECA-1024x685.jpg 1024w, https:\/\/jlconstructoreslab.art\/wp-content\/uploads\/2023\/11\/BECA-1536x1028.jpg 1536w, https:\/\/jlconstructoreslab.art\/wp-content\/uploads\/2023\/11\/BECA-2048x1371.jpg 2048w\" sizes=\"(max-width: 768px) 100vw, 768px\" \/>\t\t\t\t\t\t\t\t\t\t\t\t\t\t\t<\/div>\n\t\t\t\t<\/div>\n\t\t\t\t\t<\/div>\n\t\t<\/div>\n\t\t\t\t\t\t\t<\/div>\n\t\t<\/section>\n\t\t\t\t<section class=\"elementor-section elementor-top-section elementor-element elementor-element-26d4ac0 elementor-section-boxed elementor-section-height-default elementor-section-height-default\" data-id=\"26d4ac0\" data-element_type=\"section\">\n\t\t\t\t\t\t<div class=\"elementor-container elementor-column-gap-default\">\n\t\t\t\t\t<div class=\"elementor-column elementor-col-100 elementor-top-column elementor-element elementor-element-ea55d90\" data-id=\"ea55d90\" data-element_type=\"column\">\n\t\t\t<div class=\"elementor-widget-wrap elementor-element-populated\">\n\t\t\t\t\t\t\t\t<div class=\"elementor-element elementor-element-57c8453 elementor-widget elementor-widget-image\" data-id=\"57c8453\" data-element_type=\"widget\" data-widget_type=\"image.default\">\n\t\t\t\t<div class=\"elementor-widget-container\">\n\t\t\t\t\t\t\t\t\t\t\t\t\t\t\t<img decoding=\"async\" width=\"768\" height=\"518\" src=\"https:\/\/jlconstructoreslab.art\/wp-content\/uploads\/2023\/11\/SALUD-768x518.jpg\" class=\"attachment-medium_large size-medium_large\" alt=\"\" loading=\"lazy\" srcset=\"https:\/\/jlconstructoreslab.art\/wp-content\/uploads\/2023\/11\/SALUD-768x518.jpg 768w, https:\/\/jlconstructoreslab.art\/wp-content\/uploads\/2023\/11\/SALUD-300x202.jpg 300w, https:\/\/jlconstructoreslab.art\/wp-content\/uploads\/2023\/11\/SALUD-1024x691.jpg 1024w, https:\/\/jlconstructoreslab.art\/wp-content\/uploads\/2023\/11\/SALUD-1536x1036.jpg 1536w, https:\/\/jlconstructoreslab.art\/wp-content\/uploads\/2023\/11\/SALUD-2048x1382.jpg 2048w\" sizes=\"(max-width: 768px) 100vw, 768px\" \/>\t\t\t\t\t\t\t\t\t\t\t\t\t\t\t<\/div>\n\t\t\t\t<\/div>\n\t\t\t\t<div class=\"elementor-element elementor-element-30aa7de elementor-widget elementor-widget-image\" data-id=\"30aa7de\" data-element_type=\"widget\" data-widget_type=\"image.default\">\n\t\t\t\t<div class=\"elementor-widget-container\">\n\t\t\t\t\t\t\t\t\t\t\t\t\t\t\t<img decoding=\"async\" width=\"768\" height=\"512\" src=\"https:\/\/jlconstructoreslab.art\/wp-content\/uploads\/2023\/11\/DINERO-768x512.jpg\" class=\"attachment-medium_large size-medium_large\" alt=\"\" loading=\"lazy\" srcset=\"https:\/\/jlconstructoreslab.art\/wp-content\/uploads\/2023\/11\/DINERO-768x512.jpg 768w, https:\/\/jlconstructoreslab.art\/wp-content\/uploads\/2023\/11\/DINERO-300x200.jpg 300w, https:\/\/jlconstructoreslab.art\/wp-content\/uploads\/2023\/11\/DINERO-1024x682.jpg 1024w, https:\/\/jlconstructoreslab.art\/wp-content\/uploads\/2023\/11\/DINERO-1536x1023.jpg 1536w, https:\/\/jlconstructoreslab.art\/wp-content\/uploads\/2023\/11\/DINERO-2048x1364.jpg 2048w\" sizes=\"(max-width: 768px) 100vw, 768px\" \/>\t\t\t\t\t\t\t\t\t\t\t\t\t\t\t<\/div>\n\t\t\t\t<\/div>\n\t\t\t\t<div class=\"elementor-element elementor-element-e62d635 elementor-widget elementor-widget-image\" data-id=\"e62d635\" data-element_type=\"widget\" data-widget_type=\"image.default\">\n\t\t\t\t<div class=\"elementor-widget-container\">\n\t\t\t\t\t\t\t\t\t\t\t\t\t\t\t<img decoding=\"async\" width=\"768\" height=\"506\" src=\"https:\/\/jlconstructoreslab.art\/wp-content\/uploads\/2023\/11\/AMOR-768x506.jpg\" class=\"attachment-medium_large size-medium_large\" alt=\"\" loading=\"lazy\" srcset=\"https:\/\/jlconstructoreslab.art\/wp-content\/uploads\/2023\/11\/AMOR-768x506.jpg 768w, https:\/\/jlconstructoreslab.art\/wp-content\/uploads\/2023\/11\/AMOR-300x197.jpg 300w, https:\/\/jlconstructoreslab.art\/wp-content\/uploads\/2023\/11\/AMOR-1024x674.jpg 1024w, https:\/\/jlconstructoreslab.art\/wp-content\/uploads\/2023\/11\/AMOR-1536x1011.jpg 1536w, https:\/\/jlconstructoreslab.art\/wp-content\/uploads\/2023\/11\/AMOR-2048x1348.jpg 2048w\" sizes=\"(max-width: 768px) 100vw, 768px\" \/>\t\t\t\t\t\t\t\t\t\t\t\t\t\t\t<\/div>\n\t\t\t\t<\/div>\n\t\t\t\t\t<\/div>\n\t\t<\/div>\n\t\t\t\t\t\t\t<\/div>\n\t\t<\/section>\n\t\t\t\t<section class=\"elementor-section elementor-top-section elementor-element elementor-element-b527aa6 elementor-section-boxed elementor-section-height-default elementor-section-height-default\" data-id=\"b527aa6\" data-element_type=\"section\">\n\t\t\t\t\t\t<div class=\"elementor-container elementor-column-gap-default\">\n\t\t\t\t\t<div class=\"elementor-column elementor-col-100 elementor-top-column elementor-element elementor-element-bed05ef\" data-id=\"bed05ef\" data-element_type=\"column\">\n\t\t\t<div class=\"elementor-widget-wrap elementor-element-populated\">\n\t\t\t\t\t\t\t\t<div class=\"elementor-element elementor-element-f55041f elementor-widget elementor-widget-image\" data-id=\"f55041f\" data-element_type=\"widget\" data-widget_type=\"image.default\">\n\t\t\t\t<div class=\"elementor-widget-container\">\n\t\t\t\t\t\t\t\t\t\t\t\t\t\t\t<img decoding=\"async\" width=\"800\" height=\"470\" src=\"https:\/\/jlconstructoreslab.art\/wp-content\/uploads\/2023\/11\/SWEET-HOME-DETALLE-1-1024x601.jpg\" class=\"attachment-large size-large\" alt=\"\" loading=\"lazy\" srcset=\"https:\/\/jlconstructoreslab.art\/wp-content\/uploads\/2023\/11\/SWEET-HOME-DETALLE-1-1024x601.jpg 1024w, https:\/\/jlconstructoreslab.art\/wp-content\/uploads\/2023\/11\/SWEET-HOME-DETALLE-1-300x176.jpg 300w, https:\/\/jlconstructoreslab.art\/wp-content\/uploads\/2023\/11\/SWEET-HOME-DETALLE-1-768x451.jpg 768w, https:\/\/jlconstructoreslab.art\/wp-content\/uploads\/2023\/11\/SWEET-HOME-DETALLE-1-1536x901.jpg 1536w, https:\/\/jlconstructoreslab.art\/wp-content\/uploads\/2023\/11\/SWEET-HOME-DETALLE-1-2048x1201.jpg 2048w\" sizes=\"(max-width: 800px) 100vw, 800px\" \/>\t\t\t\t\t\t\t\t\t\t\t\t\t\t\t<\/div>\n\t\t\t\t<\/div>\n\t\t\t\t<div class=\"elementor-element elementor-element-fd52ae1 elementor-widget elementor-widget-text-editor\" data-id=\"fd52ae1\" data-element_type=\"widget\" data-widget_type=\"text-editor.default\">\n\t\t\t\t<div class=\"elementor-widget-container\">\n\t\t\t\t\t\t\t<p>&nbsp;SWEET HOME<br>Impresi\u00f3n sobre tela<br>7X 200X100 cm<br>2023<\/p>\t\t\t\t\t\t<\/div>\n\t\t\t\t<\/div>\n\t\t\t\t\t<\/div>\n\t\t<\/div>\n\t\t\t\t\t\t\t<\/div>\n\t\t<\/section>\n\t\t\t\t<section class=\"elementor-section elementor-top-section elementor-element elementor-element-b77d875 elementor-section-boxed elementor-section-height-default elementor-section-height-default\" data-id=\"b77d875\" data-element_type=\"section\">\n\t\t\t\t\t\t<div class=\"elementor-container elementor-column-gap-default\">\n\t\t\t\t\t<div class=\"elementor-column elementor-col-100 elementor-top-column elementor-element elementor-element-327fe97\" data-id=\"327fe97\" data-element_type=\"column\">\n\t\t\t<div class=\"elementor-widget-wrap elementor-element-populated\">\n\t\t\t\t\t\t\t\t<div class=\"elementor-element elementor-element-04686f0 elementor-view-default elementor-widget elementor-widget-icon\" data-id=\"04686f0\" data-element_type=\"widget\" data-widget_type=\"icon.default\">\n\t\t\t\t<div class=\"elementor-widget-container\">\n\t\t\t\t\t<div class=\"elementor-icon-wrapper\">\n\t\t\t<a class=\"elementor-icon\" href=\"https:\/\/instagram.com\/jlconstructoreslab?igshid=YTQwZjQ0NmI0OA==\">\n\t\t\t<i aria-hidden=\"true\" class=\"fab fa-instagram\"><\/i>\t\t\t<\/a>\n\t\t<\/div>\n\t\t\t\t<\/div>\n\t\t\t\t<\/div>\n\t\t\t\t\t<\/div>\n\t\t<\/div>\n\t\t\t\t\t\t\t<\/div>\n\t\t<\/section>\n\t\t\t\t\t\t\t<\/div>\n\t\t","protected":false},"excerpt":{"rendered":"<p>CONSTRUCCI\u00d3N SOCIAL \u00a0 Esta obra contiene el significado metaf\u00f3rico de los anhelos de una vida mejor, en el mundo popular, comunitario; algunas colectividades populares, buscan tener acceso a un modelo b\u00e1sico de econom\u00edas informales para llegar a un nivel de vida \u201cideal\u201d. Este grupo de palabras populares: -salud, dinero y amor- -casa, carro, beca- aluden [&hellip;]<\/p>\n","protected":false},"author":1,"featured_media":0,"parent":0,"menu_order":0,"comment_status":"closed","ping_status":"closed","template":"","meta":{"om_disable_all_campaigns":false,"_monsterinsights_skip_tracking":false,"_monsterinsights_sitenote_active":false,"_monsterinsights_sitenote_note":"","_monsterinsights_sitenote_category":0},"_links":{"self":[{"href":"https:\/\/jlconstructoreslab.art\/index.php\/wp-json\/wp\/v2\/pages\/2375"}],"collection":[{"href":"https:\/\/jlconstructoreslab.art\/index.php\/wp-json\/wp\/v2\/pages"}],"about":[{"href":"https:\/\/jlconstructoreslab.art\/index.php\/wp-json\/wp\/v2\/types\/page"}],"author":[{"embeddable":true,"href":"https:\/\/jlconstructoreslab.art\/index.php\/wp-json\/wp\/v2\/users\/1"}],"replies":[{"embeddable":true,"href":"https:\/\/jlconstructoreslab.art\/index.php\/wp-json\/wp\/v2\/comments?post=2375"}],"version-history":[{"count":22,"href":"https:\/\/jlconstructoreslab.art\/index.php\/wp-json\/wp\/v2\/pages\/2375\/revisions"}],"predecessor-version":[{"id":2947,"href":"https:\/\/jlconstructoreslab.art\/index.php\/wp-json\/wp\/v2\/pages\/2375\/revisions\/2947"}],"wp:attachment":[{"href":"https:\/\/jlconstructoreslab.art\/index.php\/wp-json\/wp\/v2\/media?parent=2375"}],"curies":[{"name":"wp","href":"https:\/\/api.w.org\/{rel}","templated":true}]}}