{"id":1996,"date":"2023-01-26T03:23:16","date_gmt":"2023-01-26T03:23:16","guid":{"rendered":"http:\/\/jlconstructoreslab.art\/?page_id=1996"},"modified":"2026-02-11T00:48:24","modified_gmt":"2026-02-11T00:48:24","slug":"umbrales","status":"publish","type":"page","link":"https:\/\/jlconstructoreslab.art\/index.php\/umbrales\/","title":{"rendered":""},"content":{"rendered":"\t\t<div data-elementor-type=\"wp-page\" data-elementor-id=\"1996\" class=\"elementor elementor-1996\">\n\t\t\t\t\t\t\t\t\t<section class=\"elementor-section elementor-top-section elementor-element elementor-element-0028edb elementor-section-boxed elementor-section-height-default elementor-section-height-default\" data-id=\"0028edb\" data-element_type=\"section\">\n\t\t\t\t\t\t<div class=\"elementor-container elementor-column-gap-default\">\n\t\t\t\t\t<div class=\"elementor-column elementor-col-50 elementor-top-column elementor-element elementor-element-0c42bb5\" data-id=\"0c42bb5\" data-element_type=\"column\">\n\t\t\t<div class=\"elementor-widget-wrap elementor-element-populated\">\n\t\t\t\t\t\t\t\t<div class=\"elementor-element elementor-element-a670314 elementor-widget elementor-widget-heading\" data-id=\"a670314\" data-element_type=\"widget\" data-widget_type=\"heading.default\">\n\t\t\t\t<div class=\"elementor-widget-container\">\n\t\t\t<style>\/*! elementor - v3.6.7 - 03-07-2022 *\/\n.elementor-heading-title{padding:0;margin:0;line-height:1}.elementor-widget-heading .elementor-heading-title[class*=elementor-size-]>a{color:inherit;font-size:inherit;line-height:inherit}.elementor-widget-heading .elementor-heading-title.elementor-size-small{font-size:15px}.elementor-widget-heading .elementor-heading-title.elementor-size-medium{font-size:19px}.elementor-widget-heading .elementor-heading-title.elementor-size-large{font-size:29px}.elementor-widget-heading .elementor-heading-title.elementor-size-xl{font-size:39px}.elementor-widget-heading .elementor-heading-title.elementor-size-xxl{font-size:59px}<\/style><h2 class=\"elementor-heading-title elementor-size-default\">UMBRALES<\/h2>\t\t<\/div>\n\t\t\t\t<\/div>\n\t\t\t\t\t<\/div>\n\t\t<\/div>\n\t\t\t\t<div class=\"elementor-column elementor-col-50 elementor-top-column elementor-element elementor-element-6ca0acf\" data-id=\"6ca0acf\" data-element_type=\"column\">\n\t\t\t<div class=\"elementor-widget-wrap elementor-element-populated\">\n\t\t\t\t\t\t\t\t<div class=\"elementor-element elementor-element-083cb8e elementor-widget elementor-widget-image\" data-id=\"083cb8e\" data-element_type=\"widget\" data-widget_type=\"image.default\">\n\t\t\t\t<div class=\"elementor-widget-container\">\n\t\t\t<style>\/*! elementor - v3.6.7 - 03-07-2022 *\/\n.elementor-widget-image{text-align:center}.elementor-widget-image a{display:inline-block}.elementor-widget-image a img[src$=\".svg\"]{width:48px}.elementor-widget-image img{vertical-align:middle;display:inline-block}<\/style>\t\t\t\t\t\t\t\t\t\t\t\t<img decoding=\"async\" width=\"2560\" height=\"1708\" src=\"https:\/\/jlconstructoreslab.art\/wp-content\/uploads\/2025\/12\/IMG_20250812_174737-scaled.jpg\" class=\"attachment-full size-full\" alt=\"\" loading=\"lazy\" srcset=\"https:\/\/jlconstructoreslab.art\/wp-content\/uploads\/2025\/12\/IMG_20250812_174737-scaled.jpg 2560w, https:\/\/jlconstructoreslab.art\/wp-content\/uploads\/2025\/12\/IMG_20250812_174737-300x200.jpg 300w, https:\/\/jlconstructoreslab.art\/wp-content\/uploads\/2025\/12\/IMG_20250812_174737-1024x683.jpg 1024w, https:\/\/jlconstructoreslab.art\/wp-content\/uploads\/2025\/12\/IMG_20250812_174737-768x512.jpg 768w, https:\/\/jlconstructoreslab.art\/wp-content\/uploads\/2025\/12\/IMG_20250812_174737-1536x1025.jpg 1536w, https:\/\/jlconstructoreslab.art\/wp-content\/uploads\/2025\/12\/IMG_20250812_174737-2048x1366.jpg 2048w\" sizes=\"(max-width: 2560px) 100vw, 2560px\" \/>\t\t\t\t\t\t\t\t\t\t\t\t\t\t\t<\/div>\n\t\t\t\t<\/div>\n\t\t\t\t\t<\/div>\n\t\t<\/div>\n\t\t\t\t\t\t\t<\/div>\n\t\t<\/section>\n\t\t\t\t<section class=\"elementor-section elementor-top-section elementor-element elementor-element-7314d47 elementor-section-boxed elementor-section-height-default elementor-section-height-default\" data-id=\"7314d47\" data-element_type=\"section\">\n\t\t\t\t\t\t<div class=\"elementor-container elementor-column-gap-default\">\n\t\t\t\t\t<div class=\"elementor-column elementor-col-100 elementor-top-column elementor-element elementor-element-ac7cae5\" data-id=\"ac7cae5\" data-element_type=\"column\">\n\t\t\t<div class=\"elementor-widget-wrap elementor-element-populated\">\n\t\t\t\t\t\t\t\t<div class=\"elementor-element elementor-element-e790361 elementor-widget elementor-widget-text-editor\" data-id=\"e790361\" data-element_type=\"widget\" data-widget_type=\"text-editor.default\">\n\t\t\t\t<div class=\"elementor-widget-container\">\n\t\t\t<style>\/*! elementor - v3.6.7 - 03-07-2022 *\/\n.elementor-widget-text-editor.elementor-drop-cap-view-stacked .elementor-drop-cap{background-color:#818a91;color:#fff}.elementor-widget-text-editor.elementor-drop-cap-view-framed .elementor-drop-cap{color:#818a91;border:3px solid;background-color:transparent}.elementor-widget-text-editor:not(.elementor-drop-cap-view-default) .elementor-drop-cap{margin-top:8px}.elementor-widget-text-editor:not(.elementor-drop-cap-view-default) .elementor-drop-cap-letter{width:1em;height:1em}.elementor-widget-text-editor .elementor-drop-cap{float:left;text-align:center;line-height:1;font-size:50px}.elementor-widget-text-editor .elementor-drop-cap-letter{display:inline-block}<\/style>\t\t\t\t\t\t\t\t\t\t<\/div>\n\t\t\t\t<\/div>\n\t\t\t\t<div class=\"elementor-element elementor-element-2b18186 elementor-widget elementor-widget-text-editor\" data-id=\"2b18186\" data-element_type=\"widget\" data-widget_type=\"text-editor.default\">\n\t\t\t\t<div class=\"elementor-widget-container\">\n\t\t\t\t\t\t\t\t\t\t\t\t\t<\/div>\n\t\t\t\t<\/div>\n\t\t\t\t<div class=\"elementor-element elementor-element-2f99e68 elementor-widget elementor-widget-text-editor\" data-id=\"2f99e68\" data-element_type=\"widget\" data-widget_type=\"text-editor.default\">\n\t\t\t\t<div class=\"elementor-widget-container\">\n\t\t\t\t\t\t\t<p>\u00a0<\/p><p>Umbrales aborda puertas y ventanas como superficies de tr\u00e1nsito y memoria. Desde la pintura, el proyecto construye un archivo visual de estructuras dom\u00e9sticas y comerciales, entendidas como registros sensibles de las din\u00e1micas sociales, econ\u00f3micas y afectivas que configuran el espacio urbano.<\/p><p>\u00a0<\/p>\t\t\t\t\t\t<\/div>\n\t\t\t\t<\/div>\n\t\t\t\t\t<\/div>\n\t\t<\/div>\n\t\t\t\t\t\t\t<\/div>\n\t\t<\/section>\n\t\t\t\t<section class=\"elementor-section elementor-top-section elementor-element elementor-element-9d3cb7c elementor-section-boxed elementor-section-height-default elementor-section-height-default\" data-id=\"9d3cb7c\" data-element_type=\"section\">\n\t\t\t\t\t\t<div class=\"elementor-container elementor-column-gap-default\">\n\t\t\t\t\t<div class=\"elementor-column elementor-col-100 elementor-top-column elementor-element elementor-element-3027f90\" data-id=\"3027f90\" data-element_type=\"column\">\n\t\t\t<div class=\"elementor-widget-wrap elementor-element-populated\">\n\t\t\t\t\t\t\t\t<div class=\"elementor-element elementor-element-18d59d6 elementor-arrows-position-inside elementor-pagination-position-outside elementor-widget elementor-widget-image-carousel\" data-id=\"18d59d6\" data-element_type=\"widget\" data-settings=\"{&quot;autoplay&quot;:&quot;no&quot;,&quot;navigation&quot;:&quot;both&quot;,&quot;infinite&quot;:&quot;yes&quot;,&quot;speed&quot;:500}\" data-widget_type=\"image-carousel.default\">\n\t\t\t\t<div class=\"elementor-widget-container\">\n\t\t\t<style>\/*! elementor - v3.6.7 - 03-07-2022 *\/\n.elementor-widget-image-carousel .swiper-container{position:static}.elementor-widget-image-carousel .swiper-container .swiper-slide figure{line-height:inherit}.elementor-widget-image-carousel .swiper-slide{text-align:center}.elementor-image-carousel-wrapper:not(.swiper-container-initialized) .swiper-slide{max-width:calc(100% \/ var(--e-image-carousel-slides-to-show, 3))}<\/style>\t\t<div class=\"elementor-image-carousel-wrapper swiper-container\" dir=\"ltr\">\n\t\t\t<div class=\"elementor-image-carousel swiper-wrapper\">\n\t\t\t\t\t\t\t\t<div class=\"swiper-slide\"><figure class=\"swiper-slide-inner\"><img decoding=\"async\" class=\"swiper-slide-image\" src=\"https:\/\/jlconstructoreslab.art\/wp-content\/uploads\/2025\/12\/DSC_1194-c-sin-sombra-1-1536x1516.jpg\" alt=\"DSC_1194 c sin sombra 1\" \/><\/figure><\/div><div class=\"swiper-slide\"><figure class=\"swiper-slide-inner\"><img decoding=\"async\" class=\"swiper-slide-image\" src=\"https:\/\/jlconstructoreslab.art\/wp-content\/uploads\/2025\/12\/SE-VENDE-BIENAL-1-SIN-SOMBRA-1536x1048.png\" alt=\"SE VENDE BIENAL 1 SIN SOMBRA\" \/><\/figure><\/div><div class=\"swiper-slide\"><figure class=\"swiper-slide-inner\"><img decoding=\"async\" class=\"swiper-slide-image\" src=\"https:\/\/jlconstructoreslab.art\/wp-content\/uploads\/2025\/12\/gat-1140x1536.jpg\" alt=\"gat\" \/><\/figure><\/div><div class=\"swiper-slide\"><figure class=\"swiper-slide-inner\"><img decoding=\"async\" class=\"swiper-slide-image\" src=\"https:\/\/jlconstructoreslab.art\/wp-content\/uploads\/2025\/12\/Forja-Jazmin-Azul-_-Barrio-Tunjuelito-1536x1180.jpg\" alt=\"Forja Jazm\u00edn Azul _ Barrio Tunjuelito\" \/><\/figure><\/div><div class=\"swiper-slide\"><figure class=\"swiper-slide-inner\"><img decoding=\"async\" class=\"swiper-slide-image\" src=\"https:\/\/jlconstructoreslab.art\/wp-content\/uploads\/2025\/12\/cian-1536x809.jpg\" alt=\"cian\" \/><\/figure><\/div><div class=\"swiper-slide\"><figure class=\"swiper-slide-inner\"><img decoding=\"async\" class=\"swiper-slide-image\" src=\"https:\/\/jlconstructoreslab.art\/wp-content\/uploads\/2025\/12\/GATO-MTY-1-1533x1536.jpg\" alt=\"GATO MTY 1\" \/><\/figure><\/div><div class=\"swiper-slide\"><figure class=\"swiper-slide-inner\"><img decoding=\"async\" class=\"swiper-slide-image\" src=\"https:\/\/jlconstructoreslab.art\/wp-content\/uploads\/2025\/01\/PENUMBRA_-BARRIO-TUNJUELITO-1536x1536.jpg\" alt=\"PENUMBRA_ BARRIO TUNJUELITO\" \/><\/figure><\/div><div class=\"swiper-slide\"><figure class=\"swiper-slide-inner\"><img decoding=\"async\" class=\"swiper-slide-image\" src=\"https:\/\/jlconstructoreslab.art\/wp-content\/uploads\/2025\/01\/ventana-nueva-1294x1536.jpg\" alt=\"ventana nueva\" \/><\/figure><\/div><div class=\"swiper-slide\"><figure class=\"swiper-slide-inner\"><img decoding=\"async\" class=\"swiper-slide-image\" src=\"https:\/\/jlconstructoreslab.art\/wp-content\/uploads\/2025\/01\/PRUEBA-1-1530x1536.jpg\" alt=\"PRUEBA 1\" \/><\/figure><\/div><div class=\"swiper-slide\"><figure class=\"swiper-slide-inner\"><img decoding=\"async\" class=\"swiper-slide-image\" src=\"https:\/\/jlconstructoreslab.art\/wp-content\/uploads\/2025\/02\/FLORES-MONTERREY-scaled-e1740101546246-1536x1459.jpg\" alt=\"FLORES MONTERREY\" \/><\/figure><\/div><div class=\"swiper-slide\"><figure class=\"swiper-slide-inner\"><img decoding=\"async\" class=\"swiper-slide-image\" src=\"https:\/\/jlconstructoreslab.art\/wp-content\/uploads\/2025\/01\/JL-FA24_-Imagen-1-1536x1068.jpg\" alt=\"JL-FA24_ Imagen 1\" \/><\/figure><\/div><div class=\"swiper-slide\"><figure class=\"swiper-slide-inner\"><img decoding=\"async\" class=\"swiper-slide-image\" src=\"https:\/\/jlconstructoreslab.art\/wp-content\/uploads\/2025\/01\/PLANTAS-BARRIO-GUSTAVO-RESTREPO_OLEO-Y-ACRILICO-SOBRE-LIENZO_50X50CM-2024-1533x1536.jpg\" alt=\"PLANTAS BARRIO GUSTAVO RESTREPO_\u00d3LEO Y ACR\u00cdLICO SOBRE LIENZO_50X50CM-2024\" \/><\/figure><\/div><div class=\"swiper-slide\"><figure class=\"swiper-slide-inner\"><img decoding=\"async\" class=\"swiper-slide-image\" src=\"https:\/\/jlconstructoreslab.art\/wp-content\/uploads\/2025\/01\/estrella-pablo-scaled-e1737999266776-1536x1455.jpg\" alt=\"estrella pablo\" \/><\/figure><\/div><div class=\"swiper-slide\"><figure class=\"swiper-slide-inner\"><img decoding=\"async\" class=\"swiper-slide-image\" src=\"https:\/\/jlconstructoreslab.art\/wp-content\/uploads\/2025\/01\/costuras-perseverancia-1469x1536.jpg\" alt=\"costuras perseverancia\" \/><\/figure><\/div><div class=\"swiper-slide\"><figure class=\"swiper-slide-inner\"><img decoding=\"async\" class=\"swiper-slide-image\" src=\"https:\/\/jlconstructoreslab.art\/wp-content\/uploads\/2025\/01\/11-e1737999571235.jpg\" alt=\"11\" \/><\/figure><\/div><div class=\"swiper-slide\"><figure class=\"swiper-slide-inner\"><img decoding=\"async\" class=\"swiper-slide-image\" src=\"https:\/\/jlconstructoreslab.art\/wp-content\/uploads\/2025\/01\/Imagen-de-WhatsApp-2024-04-06-a-las-12.47.18_e92f3d58.jpg\" alt=\"Imagen de WhatsApp 2024-04-06 a las 12.47.18_e92f3d58\" \/><\/figure><\/div><div class=\"swiper-slide\"><figure class=\"swiper-slide-inner\"><img decoding=\"async\" class=\"swiper-slide-image\" src=\"https:\/\/jlconstructoreslab.art\/wp-content\/uploads\/2025\/01\/PORTAL-e1737998539611.jpg\" alt=\"PORTAL\" \/><\/figure><\/div><div class=\"swiper-slide\"><figure class=\"swiper-slide-inner\"><img decoding=\"async\" class=\"swiper-slide-image\" src=\"https:\/\/jlconstructoreslab.art\/wp-content\/uploads\/2025\/01\/12-e1737998908972.jpg\" alt=\"12\" \/><\/figure><\/div><div class=\"swiper-slide\"><figure class=\"swiper-slide-inner\"><img decoding=\"async\" class=\"swiper-slide-image\" src=\"https:\/\/jlconstructoreslab.art\/wp-content\/uploads\/2025\/01\/JL-CONSTRUCTORES_-FORJA-FLORAL-BARRIO-LA-PERSEVERANCIA_100-X-100_OLEO-Y-ACRILICO-SOBRE-LIENZO-1536x1516.jpg\" alt=\"J&amp;L CONSTRUCTORES_ FORJA FLORAL BARRIO LA PERSEVERANCIA_100 X 100_\u00d3LEO Y ACR\u00cdLICO SOBRE LIENZO\" \/><\/figure><\/div><div class=\"swiper-slide\"><figure class=\"swiper-slide-inner\"><img decoding=\"async\" class=\"swiper-slide-image\" src=\"https:\/\/jlconstructoreslab.art\/wp-content\/uploads\/2025\/01\/13-e1737998701693.jpg\" alt=\"SI HAY HELADOS\/ Barrio Lourdes \u00d3leo sobre lienzo 100 x 100 cm 2023\" \/><\/figure><\/div><div class=\"swiper-slide\"><figure class=\"swiper-slide-inner\"><img decoding=\"async\" class=\"swiper-slide-image\" src=\"https:\/\/jlconstructoreslab.art\/wp-content\/uploads\/2025\/01\/6-e1737998473631.jpg\" alt=\"6\" \/><\/figure><\/div><div class=\"swiper-slide\"><figure class=\"swiper-slide-inner\"><img decoding=\"async\" class=\"swiper-slide-image\" src=\"https:\/\/jlconstructoreslab.art\/wp-content\/uploads\/2025\/01\/asab-2.jpg\" alt=\"asab 2\" \/><\/figure><\/div>\t\t\t<\/div>\n\t\t\t\t\t\t\t\t\t\t\t\t<div class=\"swiper-pagination\"><\/div>\n\t\t\t\t\t\t\t\t\t\t\t\t\t<div class=\"elementor-swiper-button elementor-swiper-button-prev\">\n\t\t\t\t\t\t<i aria-hidden=\"true\" class=\"eicon-chevron-left\"><\/i>\t\t\t\t\t\t<span class=\"elementor-screen-only\">Anterior<\/span>\n\t\t\t\t\t<\/div>\n\t\t\t\t\t<div class=\"elementor-swiper-button elementor-swiper-button-next\">\n\t\t\t\t\t\t<i aria-hidden=\"true\" class=\"eicon-chevron-right\"><\/i>\t\t\t\t\t\t<span class=\"elementor-screen-only\">Siguiente<\/span>\n\t\t\t\t\t<\/div>\n\t\t\t\t\t\t\t\t\t<\/div>\n\t\t\t\t<\/div>\n\t\t\t\t<\/div>\n\t\t\t\t<div class=\"elementor-element elementor-element-600fb9f elementor-arrows-position-inside elementor-pagination-position-outside elementor-widget elementor-widget-image-carousel\" data-id=\"600fb9f\" data-element_type=\"widget\" data-settings=\"{&quot;autoplay&quot;:&quot;no&quot;,&quot;navigation&quot;:&quot;both&quot;,&quot;infinite&quot;:&quot;yes&quot;,&quot;speed&quot;:500}\" data-widget_type=\"image-carousel.default\">\n\t\t\t\t<div class=\"elementor-widget-container\">\n\t\t\t\t\t<div class=\"elementor-image-carousel-wrapper swiper-container\" dir=\"ltr\">\n\t\t\t<div class=\"elementor-image-carousel swiper-wrapper\">\n\t\t\t\t\t\t\t\t<div class=\"swiper-slide\"><figure class=\"swiper-slide-inner\"><img decoding=\"async\" class=\"swiper-slide-image\" src=\"https:\/\/jlconstructoreslab.art\/wp-content\/uploads\/2025\/12\/Imagen-de-WhatsApp-2025-07-17-a-las-15.48.40_418383d7-864x1536.jpg\" alt=\"Imagen de WhatsApp 2025-07-17 a las 15.48.40_418383d7\" \/><\/figure><\/div><div class=\"swiper-slide\"><figure class=\"swiper-slide-inner\"><img decoding=\"async\" class=\"swiper-slide-image\" src=\"https:\/\/jlconstructoreslab.art\/wp-content\/uploads\/2025\/12\/Guardian-Barrio-Las-Ferias-1489x1536.jpg\" alt=\"Guardi\u00e1n Barrio Las Ferias\" \/><\/figure><\/div><div class=\"swiper-slide\"><figure class=\"swiper-slide-inner\"><img decoding=\"async\" class=\"swiper-slide-image\" src=\"https:\/\/jlconstructoreslab.art\/wp-content\/uploads\/2025\/01\/Reflejo_j-e1737999411376-757x1536.png\" alt=\"Reflejo_j\" \/><\/figure><\/div><div class=\"swiper-slide\"><figure class=\"swiper-slide-inner\"><img decoding=\"async\" class=\"swiper-slide-image\" src=\"https:\/\/jlconstructoreslab.art\/wp-content\/uploads\/2025\/01\/9-e1738000486543.jpg\" alt=\"9\" \/><\/figure><\/div><div class=\"swiper-slide\"><figure class=\"swiper-slide-inner\"><img decoding=\"async\" class=\"swiper-slide-image\" src=\"https:\/\/jlconstructoreslab.art\/wp-content\/uploads\/2025\/01\/7-e1737999535604.jpg\" alt=\"7\" \/><\/figure><\/div><div class=\"swiper-slide\"><figure class=\"swiper-slide-inner\"><img decoding=\"async\" class=\"swiper-slide-image\" src=\"https:\/\/jlconstructoreslab.art\/wp-content\/uploads\/2025\/01\/8-e1737998985987.jpg\" alt=\"8\" \/><\/figure><\/div><div class=\"swiper-slide\"><figure class=\"swiper-slide-inner\"><img decoding=\"async\" class=\"swiper-slide-image\" src=\"https:\/\/jlconstructoreslab.art\/wp-content\/uploads\/2025\/01\/10-e1737998853547.jpg\" alt=\"10\" \/><\/figure><\/div><div class=\"swiper-slide\"><figure class=\"swiper-slide-inner\"><img decoding=\"async\" class=\"swiper-slide-image\" src=\"https:\/\/jlconstructoreslab.art\/wp-content\/uploads\/2025\/01\/3-FORD-1-866x1536.jpg\" alt=\"3 FORD (1)\" \/><\/figure><\/div><div class=\"swiper-slide\"><figure class=\"swiper-slide-inner\"><img decoding=\"async\" class=\"swiper-slide-image\" src=\"https:\/\/jlconstructoreslab.art\/wp-content\/uploads\/2025\/01\/3-e1737999491451.jpg\" alt=\"3\" \/><\/figure><\/div><div class=\"swiper-slide\"><figure class=\"swiper-slide-inner\"><img decoding=\"async\" class=\"swiper-slide-image\" src=\"https:\/\/jlconstructoreslab.art\/wp-content\/uploads\/2025\/01\/1.jpg\" alt=\"1\" \/><\/figure><\/div><div class=\"swiper-slide\"><figure class=\"swiper-slide-inner\"><img decoding=\"async\" class=\"swiper-slide-image\" src=\"https:\/\/jlconstructoreslab.art\/wp-content\/uploads\/2025\/01\/2-e1737999009556.jpg\" alt=\"2\" \/><\/figure><\/div><div class=\"swiper-slide\"><figure class=\"swiper-slide-inner\"><img decoding=\"async\" class=\"swiper-slide-image\" src=\"https:\/\/jlconstructoreslab.art\/wp-content\/uploads\/2026\/02\/Imagen-de-WhatsApp-2025-06-30-a-las-12.50.59_d6db3547-864x1536.jpg\" alt=\"Imagen de WhatsApp 2025-06-30 a las 12.50.59_d6db3547\" \/><\/figure><\/div>\t\t\t<\/div>\n\t\t\t\t\t\t\t\t\t\t\t\t<div class=\"swiper-pagination\"><\/div>\n\t\t\t\t\t\t\t\t\t\t\t\t\t<div class=\"elementor-swiper-button elementor-swiper-button-prev\">\n\t\t\t\t\t\t<i aria-hidden=\"true\" class=\"eicon-chevron-left\"><\/i>\t\t\t\t\t\t<span class=\"elementor-screen-only\">Anterior<\/span>\n\t\t\t\t\t<\/div>\n\t\t\t\t\t<div class=\"elementor-swiper-button elementor-swiper-button-next\">\n\t\t\t\t\t\t<i aria-hidden=\"true\" class=\"eicon-chevron-right\"><\/i>\t\t\t\t\t\t<span class=\"elementor-screen-only\">Siguiente<\/span>\n\t\t\t\t\t<\/div>\n\t\t\t\t\t\t\t\t\t<\/div>\n\t\t\t\t<\/div>\n\t\t\t\t<\/div>\n\t\t\t\t\t<\/div>\n\t\t<\/div>\n\t\t\t\t\t\t\t<\/div>\n\t\t<\/section>\n\t\t\t\t<section class=\"elementor-section elementor-top-section elementor-element elementor-element-7260bb5 elementor-section-boxed elementor-section-height-default elementor-section-height-default\" data-id=\"7260bb5\" data-element_type=\"section\">\n\t\t\t\t\t\t<div class=\"elementor-container elementor-column-gap-custom\">\n\t\t\t\t\t<div class=\"elementor-column elementor-col-100 elementor-top-column elementor-element elementor-element-54acfd1\" data-id=\"54acfd1\" data-element_type=\"column\">\n\t\t\t<div class=\"elementor-widget-wrap elementor-element-populated\">\n\t\t\t\t\t\t\t\t<div class=\"elementor-element elementor-element-65f7732 elementor-widget elementor-widget-text-editor\" data-id=\"65f7732\" data-element_type=\"widget\" data-widget_type=\"text-editor.default\">\n\t\t\t\t<div class=\"elementor-widget-container\">\n\t\t\t\t\t\t\t\t\t\t\t\t\t<\/div>\n\t\t\t\t<\/div>\n\t\t\t\t\t<\/div>\n\t\t<\/div>\n\t\t\t\t\t\t\t<\/div>\n\t\t<\/section>\n\t\t\t\t\t\t\t<\/div>\n\t\t","protected":false},"excerpt":{"rendered":"<p>UMBRALES \u00a0 Umbrales aborda puertas y ventanas como superficies de tr\u00e1nsito y memoria. Desde la pintura, el proyecto construye un archivo visual de estructuras dom\u00e9sticas y comerciales, entendidas como registros sensibles de las din\u00e1micas sociales, econ\u00f3micas y afectivas que configuran el espacio urbano. \u00a0 Anterior Siguiente Anterior Siguiente<\/p>\n","protected":false},"author":1,"featured_media":0,"parent":0,"menu_order":0,"comment_status":"closed","ping_status":"closed","template":"","meta":{"om_disable_all_campaigns":false,"_monsterinsights_skip_tracking":false,"_monsterinsights_sitenote_active":false,"_monsterinsights_sitenote_note":"","_monsterinsights_sitenote_category":0},"_links":{"self":[{"href":"https:\/\/jlconstructoreslab.art\/index.php\/wp-json\/wp\/v2\/pages\/1996"}],"collection":[{"href":"https:\/\/jlconstructoreslab.art\/index.php\/wp-json\/wp\/v2\/pages"}],"about":[{"href":"https:\/\/jlconstructoreslab.art\/index.php\/wp-json\/wp\/v2\/types\/page"}],"author":[{"embeddable":true,"href":"https:\/\/jlconstructoreslab.art\/index.php\/wp-json\/wp\/v2\/users\/1"}],"replies":[{"embeddable":true,"href":"https:\/\/jlconstructoreslab.art\/index.php\/wp-json\/wp\/v2\/comments?post=1996"}],"version-history":[{"count":192,"href":"https:\/\/jlconstructoreslab.art\/index.php\/wp-json\/wp\/v2\/pages\/1996\/revisions"}],"predecessor-version":[{"id":3196,"href":"https:\/\/jlconstructoreslab.art\/index.php\/wp-json\/wp\/v2\/pages\/1996\/revisions\/3196"}],"wp:attachment":[{"href":"https:\/\/jlconstructoreslab.art\/index.php\/wp-json\/wp\/v2\/media?parent=1996"}],"curies":[{"name":"wp","href":"https:\/\/api.w.org\/{rel}","templated":true}]}}