{"id":1881,"date":"2022-08-09T01:44:54","date_gmt":"2022-08-09T01:44:54","guid":{"rendered":"http:\/\/jlconstructoreslab.art\/?page_id=1881"},"modified":"2023-11-16T20:10:24","modified_gmt":"2023-11-16T20:10:24","slug":"fuera-de-servicio","status":"publish","type":"page","link":"https:\/\/jlconstructoreslab.art\/index.php\/fuera-de-servicio\/","title":{"rendered":"FUERA DE SERVICIO"},"content":{"rendered":"\t\t<div data-elementor-type=\"wp-page\" data-elementor-id=\"1881\" class=\"elementor elementor-1881\">\n\t\t\t\t\t\t\t\t\t<section class=\"elementor-section elementor-top-section elementor-element elementor-element-f04a9bf elementor-section-boxed elementor-section-height-default elementor-section-height-default\" data-id=\"f04a9bf\" data-element_type=\"section\">\n\t\t\t\t\t\t<div class=\"elementor-container elementor-column-gap-default\">\n\t\t\t\t\t<div class=\"elementor-column elementor-col-100 elementor-top-column elementor-element elementor-element-33b287e\" data-id=\"33b287e\" data-element_type=\"column\">\n\t\t\t<div class=\"elementor-widget-wrap elementor-element-populated\">\n\t\t\t\t\t\t\t\t<div class=\"elementor-element elementor-element-23016bc elementor-widget elementor-widget-text-editor\" data-id=\"23016bc\" data-element_type=\"widget\" data-widget_type=\"text-editor.default\">\n\t\t\t\t<div class=\"elementor-widget-container\">\n\t\t\t<style>\/*! elementor - v3.6.7 - 03-07-2022 *\/\n.elementor-widget-text-editor.elementor-drop-cap-view-stacked .elementor-drop-cap{background-color:#818a91;color:#fff}.elementor-widget-text-editor.elementor-drop-cap-view-framed .elementor-drop-cap{color:#818a91;border:3px solid;background-color:transparent}.elementor-widget-text-editor:not(.elementor-drop-cap-view-default) .elementor-drop-cap{margin-top:8px}.elementor-widget-text-editor:not(.elementor-drop-cap-view-default) .elementor-drop-cap-letter{width:1em;height:1em}.elementor-widget-text-editor .elementor-drop-cap{float:left;text-align:center;line-height:1;font-size:50px}.elementor-widget-text-editor .elementor-drop-cap-letter{display:inline-block}<\/style>\t\t\t\t<p><span style=\"font-style: inherit; font-weight: inherit; background-color: var(--ast-global-color-5);\">FUERA DE SERVICIO es un proyecto pict\u00f3rico donde se apropian las antiguas tablas de ruta de los buses tradicionales de Bogot\u00e1. Corresponde a una serie de retratos de buses que a finales del a\u00f1o 2021 salieron de servicio. Estas obras aluden a la memoria colectiva del transporte p\u00fablico, los barrios y los recorridos por las calles bogotanas. Las im\u00e1genes de los buses son parte de una investigaci\u00f3n de registros fotogr\u00e1ficos hechos por conductores de buses y otras de autor\u00eda propia recolectadas durante 4 a\u00f1os.<\/span><br><\/p>\n<p>Esta serie se encuentra en proceso- a\u00f1o 2023.<\/p>\t\t\t\t\t\t<\/div>\n\t\t\t\t<\/div>\n\t\t\t\t\t<\/div>\n\t\t<\/div>\n\t\t\t\t\t\t\t<\/div>\n\t\t<\/section>\n\t\t\t\t<section class=\"elementor-section elementor-top-section elementor-element elementor-element-6ae88cf elementor-section-boxed elementor-section-height-default elementor-section-height-default\" data-id=\"6ae88cf\" data-element_type=\"section\">\n\t\t\t\t\t\t<div class=\"elementor-container elementor-column-gap-default\">\n\t\t\t\t\t<div class=\"elementor-column elementor-col-50 elementor-top-column elementor-element elementor-element-56e9e8b\" data-id=\"56e9e8b\" data-element_type=\"column\">\n\t\t\t<div class=\"elementor-widget-wrap elementor-element-populated\">\n\t\t\t\t\t\t\t\t<div class=\"elementor-element elementor-element-e2c4deb elementor-widget elementor-widget-image\" data-id=\"e2c4deb\" data-element_type=\"widget\" data-widget_type=\"image.default\">\n\t\t\t\t<div class=\"elementor-widget-container\">\n\t\t\t<style>\/*! elementor - v3.6.7 - 03-07-2022 *\/\n.elementor-widget-image{text-align:center}.elementor-widget-image a{display:inline-block}.elementor-widget-image a img[src$=\".svg\"]{width:48px}.elementor-widget-image img{vertical-align:middle;display:inline-block}<\/style>\t\t\t\t\t\t\t\t\t\t\t\t<img decoding=\"async\" width=\"800\" height=\"800\" src=\"https:\/\/jlconstructoreslab.art\/wp-content\/uploads\/2022\/08\/1-FS-BLANCO.jpg\" class=\"attachment-large size-large\" alt=\"\" loading=\"lazy\" srcset=\"https:\/\/jlconstructoreslab.art\/wp-content\/uploads\/2022\/08\/1-FS-BLANCO.jpg 800w, https:\/\/jlconstructoreslab.art\/wp-content\/uploads\/2022\/08\/1-FS-BLANCO-300x300.jpg 300w, https:\/\/jlconstructoreslab.art\/wp-content\/uploads\/2022\/08\/1-FS-BLANCO-150x150.jpg 150w, https:\/\/jlconstructoreslab.art\/wp-content\/uploads\/2022\/08\/1-FS-BLANCO-768x768.jpg 768w\" sizes=\"(max-width: 800px) 100vw, 800px\" \/>\t\t\t\t\t\t\t\t\t\t\t\t\t\t\t<\/div>\n\t\t\t\t<\/div>\n\t\t\t\t<div class=\"elementor-element elementor-element-a5b0c5e elementor-widget elementor-widget-text-editor\" data-id=\"a5b0c5e\" data-element_type=\"widget\" data-widget_type=\"text-editor.default\">\n\t\t\t\t<div class=\"elementor-widget-container\">\n\t\t\t\t\t\t\t<p style=\"text-align: center;\">FUERA DE SERVICIO 1 \/ EL RECUERDO<br \/>Acr\u00edlico sobre madera<br \/>40 x 43 cm<br \/>2022<\/p>\t\t\t\t\t\t<\/div>\n\t\t\t\t<\/div>\n\t\t\t\t<div class=\"elementor-element elementor-element-60b3484 elementor-widget elementor-widget-image\" data-id=\"60b3484\" data-element_type=\"widget\" data-widget_type=\"image.default\">\n\t\t\t\t<div class=\"elementor-widget-container\">\n\t\t\t\t\t\t\t\t\t\t\t\t\t\t\t<img decoding=\"async\" width=\"800\" height=\"800\" src=\"https:\/\/jlconstructoreslab.art\/wp-content\/uploads\/2022\/08\/3-FS-BLANCO.jpg\" class=\"attachment-large size-large\" alt=\"\" loading=\"lazy\" srcset=\"https:\/\/jlconstructoreslab.art\/wp-content\/uploads\/2022\/08\/3-FS-BLANCO.jpg 800w, https:\/\/jlconstructoreslab.art\/wp-content\/uploads\/2022\/08\/3-FS-BLANCO-300x300.jpg 300w, https:\/\/jlconstructoreslab.art\/wp-content\/uploads\/2022\/08\/3-FS-BLANCO-150x150.jpg 150w, https:\/\/jlconstructoreslab.art\/wp-content\/uploads\/2022\/08\/3-FS-BLANCO-768x768.jpg 768w\" sizes=\"(max-width: 800px) 100vw, 800px\" \/>\t\t\t\t\t\t\t\t\t\t\t\t\t\t\t<\/div>\n\t\t\t\t<\/div>\n\t\t\t\t<div class=\"elementor-element elementor-element-81ceabc elementor-widget elementor-widget-text-editor\" data-id=\"81ceabc\" data-element_type=\"widget\" data-widget_type=\"text-editor.default\">\n\t\t\t\t<div class=\"elementor-widget-container\">\n\t\t\t\t\t\t\t<p style=\"text-align: center;\">FUERA DE SERVICIO 3 \/ EL ENCANTO<br \/>Acr\u00edlico sobre madera<br \/>40 x 43 cm<br \/>2022<\/p><p>\u00a0<\/p>\t\t\t\t\t\t<\/div>\n\t\t\t\t<\/div>\n\t\t\t\t<div class=\"elementor-element elementor-element-eba34c6 elementor-widget elementor-widget-image\" data-id=\"eba34c6\" data-element_type=\"widget\" data-widget_type=\"image.default\">\n\t\t\t\t<div class=\"elementor-widget-container\">\n\t\t\t\t\t\t\t\t\t\t\t\t\t\t\t<img decoding=\"async\" width=\"800\" height=\"800\" src=\"https:\/\/jlconstructoreslab.art\/wp-content\/uploads\/2022\/08\/5-FS-BLANCO.jpg\" class=\"attachment-large size-large\" alt=\"\" loading=\"lazy\" srcset=\"https:\/\/jlconstructoreslab.art\/wp-content\/uploads\/2022\/08\/5-FS-BLANCO.jpg 800w, https:\/\/jlconstructoreslab.art\/wp-content\/uploads\/2022\/08\/5-FS-BLANCO-300x300.jpg 300w, https:\/\/jlconstructoreslab.art\/wp-content\/uploads\/2022\/08\/5-FS-BLANCO-150x150.jpg 150w, https:\/\/jlconstructoreslab.art\/wp-content\/uploads\/2022\/08\/5-FS-BLANCO-768x768.jpg 768w\" sizes=\"(max-width: 800px) 100vw, 800px\" \/>\t\t\t\t\t\t\t\t\t\t\t\t\t\t\t<\/div>\n\t\t\t\t<\/div>\n\t\t\t\t<div class=\"elementor-element elementor-element-c9a43bb elementor-widget elementor-widget-text-editor\" data-id=\"c9a43bb\" data-element_type=\"widget\" data-widget_type=\"text-editor.default\">\n\t\t\t\t<div class=\"elementor-widget-container\">\n\t\t\t\t\t\t\t<p style=\"text-align: center;\">FUERA DE SERVICIO 5 \/ BUENAVISTA<br \/>Acr\u00edlico sobre madera<br \/>40 x 43 cm<br \/>2022<\/p><p>\u00a0<\/p>\t\t\t\t\t\t<\/div>\n\t\t\t\t<\/div>\n\t\t\t\t\t<\/div>\n\t\t<\/div>\n\t\t\t\t<div class=\"elementor-column elementor-col-50 elementor-top-column elementor-element elementor-element-7ca6b28\" data-id=\"7ca6b28\" data-element_type=\"column\">\n\t\t\t<div class=\"elementor-widget-wrap elementor-element-populated\">\n\t\t\t\t\t\t\t\t<div class=\"elementor-element elementor-element-cd86904 elementor-widget elementor-widget-image\" data-id=\"cd86904\" data-element_type=\"widget\" data-widget_type=\"image.default\">\n\t\t\t\t<div class=\"elementor-widget-container\">\n\t\t\t\t\t\t\t\t\t\t\t\t\t\t\t<img decoding=\"async\" width=\"800\" height=\"800\" src=\"https:\/\/jlconstructoreslab.art\/wp-content\/uploads\/2022\/08\/2-FS-800-BLANCO.jpg\" class=\"attachment-large size-large\" alt=\"\" loading=\"lazy\" srcset=\"https:\/\/jlconstructoreslab.art\/wp-content\/uploads\/2022\/08\/2-FS-800-BLANCO.jpg 800w, https:\/\/jlconstructoreslab.art\/wp-content\/uploads\/2022\/08\/2-FS-800-BLANCO-300x300.jpg 300w, https:\/\/jlconstructoreslab.art\/wp-content\/uploads\/2022\/08\/2-FS-800-BLANCO-150x150.jpg 150w, https:\/\/jlconstructoreslab.art\/wp-content\/uploads\/2022\/08\/2-FS-800-BLANCO-768x768.jpg 768w\" sizes=\"(max-width: 800px) 100vw, 800px\" \/>\t\t\t\t\t\t\t\t\t\t\t\t\t\t\t<\/div>\n\t\t\t\t<\/div>\n\t\t\t\t<div class=\"elementor-element elementor-element-4ccc3fc elementor-widget elementor-widget-text-editor\" data-id=\"4ccc3fc\" data-element_type=\"widget\" data-widget_type=\"text-editor.default\">\n\t\t\t\t<div class=\"elementor-widget-container\">\n\t\t\t\t\t\t\t<p style=\"text-align: center;\">FUERA DE SERVICIO 2 \/ LA ESTRELLA<br>Acr\u00edlico sobre madera<br>40 x 43 cm<br>2022<\/p>\n<p><\/p>\t\t\t\t\t\t<\/div>\n\t\t\t\t<\/div>\n\t\t\t\t<div class=\"elementor-element elementor-element-419be54 elementor-widget elementor-widget-image\" data-id=\"419be54\" data-element_type=\"widget\" data-widget_type=\"image.default\">\n\t\t\t\t<div class=\"elementor-widget-container\">\n\t\t\t\t\t\t\t\t\t\t\t\t\t\t\t<img decoding=\"async\" width=\"800\" height=\"800\" src=\"https:\/\/jlconstructoreslab.art\/wp-content\/uploads\/2022\/08\/4-FS-BLANCO.jpg\" class=\"attachment-large size-large\" alt=\"\" loading=\"lazy\" srcset=\"https:\/\/jlconstructoreslab.art\/wp-content\/uploads\/2022\/08\/4-FS-BLANCO.jpg 800w, https:\/\/jlconstructoreslab.art\/wp-content\/uploads\/2022\/08\/4-FS-BLANCO-300x300.jpg 300w, https:\/\/jlconstructoreslab.art\/wp-content\/uploads\/2022\/08\/4-FS-BLANCO-150x150.jpg 150w, https:\/\/jlconstructoreslab.art\/wp-content\/uploads\/2022\/08\/4-FS-BLANCO-768x768.jpg 768w\" sizes=\"(max-width: 800px) 100vw, 800px\" \/>\t\t\t\t\t\t\t\t\t\t\t\t\t\t\t<\/div>\n\t\t\t\t<\/div>\n\t\t\t\t<div class=\"elementor-element elementor-element-89e66e1 elementor-widget elementor-widget-text-editor\" data-id=\"89e66e1\" data-element_type=\"widget\" data-widget_type=\"text-editor.default\">\n\t\t\t\t<div class=\"elementor-widget-container\">\n\t\t\t\t\t\t\t<p style=\"text-align: center;\">FUERA DE SERVICIO 4 \/ TESORITO<br \/>Acr\u00edlico sobre madera<br \/>40 x 43 cm<br \/>2022<\/p><p>\u00a0<\/p>\t\t\t\t\t\t<\/div>\n\t\t\t\t<\/div>\n\t\t\t\t\t<\/div>\n\t\t<\/div>\n\t\t\t\t\t\t\t<\/div>\n\t\t<\/section>\n\t\t\t\t\t\t\t<\/div>\n\t\t","protected":false},"excerpt":{"rendered":"<p>FUERA DE SERVICIO es un proyecto pict\u00f3rico donde se apropian las antiguas tablas de ruta de los buses tradicionales de Bogot\u00e1. Corresponde a una serie de retratos de buses que a finales del a\u00f1o 2021 salieron de servicio. Estas obras aluden a la memoria colectiva del transporte p\u00fablico, los barrios y los recorridos por las [&hellip;]<\/p>\n","protected":false},"author":1,"featured_media":0,"parent":0,"menu_order":0,"comment_status":"closed","ping_status":"closed","template":"","meta":{"om_disable_all_campaigns":false,"_monsterinsights_skip_tracking":false,"_monsterinsights_sitenote_active":false,"_monsterinsights_sitenote_note":"","_monsterinsights_sitenote_category":0},"_links":{"self":[{"href":"https:\/\/jlconstructoreslab.art\/index.php\/wp-json\/wp\/v2\/pages\/1881"}],"collection":[{"href":"https:\/\/jlconstructoreslab.art\/index.php\/wp-json\/wp\/v2\/pages"}],"about":[{"href":"https:\/\/jlconstructoreslab.art\/index.php\/wp-json\/wp\/v2\/types\/page"}],"author":[{"embeddable":true,"href":"https:\/\/jlconstructoreslab.art\/index.php\/wp-json\/wp\/v2\/users\/1"}],"replies":[{"embeddable":true,"href":"https:\/\/jlconstructoreslab.art\/index.php\/wp-json\/wp\/v2\/comments?post=1881"}],"version-history":[{"count":34,"href":"https:\/\/jlconstructoreslab.art\/index.php\/wp-json\/wp\/v2\/pages\/1881\/revisions"}],"predecessor-version":[{"id":2244,"href":"https:\/\/jlconstructoreslab.art\/index.php\/wp-json\/wp\/v2\/pages\/1881\/revisions\/2244"}],"wp:attachment":[{"href":"https:\/\/jlconstructoreslab.art\/index.php\/wp-json\/wp\/v2\/media?parent=1881"}],"curies":[{"name":"wp","href":"https:\/\/api.w.org\/{rel}","templated":true}]}}