{"id":1742,"date":"2022-07-15T02:31:07","date_gmt":"2022-07-15T02:31:07","guid":{"rendered":"http:\/\/jlconstructoreslab.art\/?page_id=1742"},"modified":"2025-01-27T20:13:45","modified_gmt":"2025-01-27T20:13:45","slug":"trayectos-caribe","status":"publish","type":"page","link":"https:\/\/jlconstructoreslab.art\/index.php\/trayectos-caribe\/","title":{"rendered":""},"content":{"rendered":"\t\t<div data-elementor-type=\"wp-page\" data-elementor-id=\"1742\" class=\"elementor elementor-1742\">\n\t\t\t\t\t\t\t\t\t<section class=\"elementor-section elementor-top-section elementor-element elementor-element-2653a96 elementor-section-boxed elementor-section-height-default elementor-section-height-default\" data-id=\"2653a96\" data-element_type=\"section\">\n\t\t\t\t\t\t<div class=\"elementor-container elementor-column-gap-default\">\n\t\t\t\t\t<div class=\"elementor-column elementor-col-100 elementor-top-column elementor-element elementor-element-d89b5a1\" data-id=\"d89b5a1\" data-element_type=\"column\">\n\t\t\t<div class=\"elementor-widget-wrap elementor-element-populated\">\n\t\t\t\t\t\t\t\t<div class=\"elementor-element elementor-element-e526ff7 elementor-widget elementor-widget-image\" data-id=\"e526ff7\" data-element_type=\"widget\" data-widget_type=\"image.default\">\n\t\t\t\t<div class=\"elementor-widget-container\">\n\t\t\t<style>\/*! elementor - v3.6.7 - 03-07-2022 *\/\n.elementor-widget-image{text-align:center}.elementor-widget-image a{display:inline-block}.elementor-widget-image a img[src$=\".svg\"]{width:48px}.elementor-widget-image img{vertical-align:middle;display:inline-block}<\/style>\t\t\t\t\t\t\t\t\t\t\t\t<img decoding=\"async\" width=\"828\" height=\"351\" src=\"https:\/\/jlconstructoreslab.art\/wp-content\/uploads\/2022\/08\/OK.png\" class=\"attachment-full size-full\" alt=\"\" loading=\"lazy\" srcset=\"https:\/\/jlconstructoreslab.art\/wp-content\/uploads\/2022\/08\/OK.png 828w, https:\/\/jlconstructoreslab.art\/wp-content\/uploads\/2022\/08\/OK-300x127.png 300w, https:\/\/jlconstructoreslab.art\/wp-content\/uploads\/2022\/08\/OK-768x326.png 768w\" sizes=\"(max-width: 828px) 100vw, 828px\" \/>\t\t\t\t\t\t\t\t\t\t\t\t\t\t\t<\/div>\n\t\t\t\t<\/div>\n\t\t\t\t<div class=\"elementor-element elementor-element-781c64e elementor-widget elementor-widget-text-editor\" data-id=\"781c64e\" data-element_type=\"widget\" data-widget_type=\"text-editor.default\">\n\t\t\t\t<div class=\"elementor-widget-container\">\n\t\t\t<style>\/*! elementor - v3.6.7 - 03-07-2022 *\/\n.elementor-widget-text-editor.elementor-drop-cap-view-stacked .elementor-drop-cap{background-color:#818a91;color:#fff}.elementor-widget-text-editor.elementor-drop-cap-view-framed .elementor-drop-cap{color:#818a91;border:3px solid;background-color:transparent}.elementor-widget-text-editor:not(.elementor-drop-cap-view-default) .elementor-drop-cap{margin-top:8px}.elementor-widget-text-editor:not(.elementor-drop-cap-view-default) .elementor-drop-cap-letter{width:1em;height:1em}.elementor-widget-text-editor .elementor-drop-cap{float:left;text-align:center;line-height:1;font-size:50px}.elementor-widget-text-editor .elementor-drop-cap-letter{display:inline-block}<\/style>\t\t\t\t<h2 style=\"text-align: center;\">TRAYECTOS CARIBE<\/h2><div>\u00a0<\/div><div>\u00a0<\/div><div>\u00a0<\/div>\t\t\t\t\t\t<\/div>\n\t\t\t\t<\/div>\n\t\t\t\t\t<\/div>\n\t\t<\/div>\n\t\t\t\t\t\t\t<\/div>\n\t\t<\/section>\n\t\t\t\t<section class=\"elementor-section elementor-top-section elementor-element elementor-element-9460807 elementor-section-boxed elementor-section-height-default elementor-section-height-default\" data-id=\"9460807\" data-element_type=\"section\">\n\t\t\t\t\t\t<div class=\"elementor-container elementor-column-gap-default\">\n\t\t\t\t\t<div class=\"elementor-column elementor-col-50 elementor-top-column elementor-element elementor-element-947f6b0\" data-id=\"947f6b0\" data-element_type=\"column\">\n\t\t\t<div class=\"elementor-widget-wrap elementor-element-populated\">\n\t\t\t\t\t\t\t\t<div class=\"elementor-element elementor-element-312e608 elementor-widget elementor-widget-image\" data-id=\"312e608\" data-element_type=\"widget\" data-widget_type=\"image.default\">\n\t\t\t\t<div class=\"elementor-widget-container\">\n\t\t\t\t\t\t\t\t\t\t\t\t\t\t\t<img decoding=\"async\" width=\"1200\" height=\"1200\" src=\"https:\/\/jlconstructoreslab.art\/wp-content\/uploads\/2022\/07\/san-salvador.png\" class=\"attachment-full size-full\" alt=\"\" loading=\"lazy\" srcset=\"https:\/\/jlconstructoreslab.art\/wp-content\/uploads\/2022\/07\/san-salvador.png 1200w, https:\/\/jlconstructoreslab.art\/wp-content\/uploads\/2022\/07\/san-salvador-300x300.png 300w, https:\/\/jlconstructoreslab.art\/wp-content\/uploads\/2022\/07\/san-salvador-1024x1024.png 1024w, https:\/\/jlconstructoreslab.art\/wp-content\/uploads\/2022\/07\/san-salvador-150x150.png 150w, https:\/\/jlconstructoreslab.art\/wp-content\/uploads\/2022\/07\/san-salvador-768x768.png 768w\" sizes=\"(max-width: 1200px) 100vw, 1200px\" \/>\t\t\t\t\t\t\t\t\t\t\t\t\t\t\t<\/div>\n\t\t\t\t<\/div>\n\t\t\t\t<div class=\"elementor-element elementor-element-52833fa elementor-widget elementor-widget-text-editor\" data-id=\"52833fa\" data-element_type=\"widget\" data-widget_type=\"text-editor.default\">\n\t\t\t\t<div class=\"elementor-widget-container\">\n\t\t\t\t\t\t\t<p style=\"text-align: center;\">&#8220;SAN SALVADOR&#8221;<br \/>Acr\u00edlico\u00a0 y hojilla de oro sobre madera<br \/>45 x 55 cm<br \/>2021<\/p>\t\t\t\t\t\t<\/div>\n\t\t\t\t<\/div>\n\t\t\t\t<div class=\"elementor-element elementor-element-fbde662 elementor-widget elementor-widget-image\" data-id=\"fbde662\" data-element_type=\"widget\" data-widget_type=\"image.default\">\n\t\t\t\t<div class=\"elementor-widget-container\">\n\t\t\t\t\t\t\t\t\t\t\t\t\t\t\t<img decoding=\"async\" width=\"800\" height=\"800\" src=\"https:\/\/jlconstructoreslab.art\/wp-content\/uploads\/2022\/07\/miramar-1024x1024.png\" class=\"attachment-large size-large\" alt=\"\" loading=\"lazy\" srcset=\"https:\/\/jlconstructoreslab.art\/wp-content\/uploads\/2022\/07\/miramar-1024x1024.png 1024w, https:\/\/jlconstructoreslab.art\/wp-content\/uploads\/2022\/07\/miramar-300x300.png 300w, https:\/\/jlconstructoreslab.art\/wp-content\/uploads\/2022\/07\/miramar-150x150.png 150w, https:\/\/jlconstructoreslab.art\/wp-content\/uploads\/2022\/07\/miramar-768x768.png 768w, https:\/\/jlconstructoreslab.art\/wp-content\/uploads\/2022\/07\/miramar.png 1200w\" sizes=\"(max-width: 800px) 100vw, 800px\" \/>\t\t\t\t\t\t\t\t\t\t\t\t\t\t\t<\/div>\n\t\t\t\t<\/div>\n\t\t\t\t<div class=\"elementor-element elementor-element-dc1498a elementor-widget elementor-widget-text-editor\" data-id=\"dc1498a\" data-element_type=\"widget\" data-widget_type=\"text-editor.default\">\n\t\t\t\t<div class=\"elementor-widget-container\">\n\t\t\t\t\t\t\t<p style=\"text-align: center;\">&#8220;MIRAMAR&#8221;<br \/>Acr\u00edlico y hojilla de bronce sobre madera<br \/>45 x 55 cm<br \/>2021<\/p>\t\t\t\t\t\t<\/div>\n\t\t\t\t<\/div>\n\t\t\t\t<div class=\"elementor-element elementor-element-5a663f6 elementor-widget elementor-widget-image\" data-id=\"5a663f6\" data-element_type=\"widget\" data-widget_type=\"image.default\">\n\t\t\t\t<div class=\"elementor-widget-container\">\n\t\t\t\t\t\t\t\t\t\t\t\t\t\t\t<img decoding=\"async\" width=\"800\" height=\"856\" src=\"https:\/\/jlconstructoreslab.art\/wp-content\/uploads\/2022\/07\/los-cerezos-957x1024.png\" class=\"attachment-large size-large\" alt=\"\" loading=\"lazy\" srcset=\"https:\/\/jlconstructoreslab.art\/wp-content\/uploads\/2022\/07\/los-cerezos-957x1024.png 957w, https:\/\/jlconstructoreslab.art\/wp-content\/uploads\/2022\/07\/los-cerezos-280x300.png 280w, https:\/\/jlconstructoreslab.art\/wp-content\/uploads\/2022\/07\/los-cerezos-768x822.png 768w, https:\/\/jlconstructoreslab.art\/wp-content\/uploads\/2022\/07\/los-cerezos.png 1200w\" sizes=\"(max-width: 800px) 100vw, 800px\" \/>\t\t\t\t\t\t\t\t\t\t\t\t\t\t\t<\/div>\n\t\t\t\t<\/div>\n\t\t\t\t<div class=\"elementor-element elementor-element-faf2397 elementor-widget elementor-widget-text-editor\" data-id=\"faf2397\" data-element_type=\"widget\" data-widget_type=\"text-editor.default\">\n\t\t\t\t<div class=\"elementor-widget-container\">\n\t\t\t\t\t\t\t<p style=\"text-align: center;\">&#8220;LOS CEREZOS&#8221;<br \/>Acr\u00edlico sobre madera<br \/>45 x 55 cm<br \/>2021<\/p>\t\t\t\t\t\t<\/div>\n\t\t\t\t<\/div>\n\t\t\t\t<div class=\"elementor-element elementor-element-5521c6b elementor-widget elementor-widget-image\" data-id=\"5521c6b\" data-element_type=\"widget\" data-widget_type=\"image.default\">\n\t\t\t\t<div class=\"elementor-widget-container\">\n\t\t\t\t\t\t\t\t\t\t\t\t\t\t\t<img decoding=\"async\" width=\"768\" height=\"883\" src=\"https:\/\/jlconstructoreslab.art\/wp-content\/uploads\/2022\/07\/riomar-768x883.png\" class=\"attachment-medium_large size-medium_large\" alt=\"\" loading=\"lazy\" srcset=\"https:\/\/jlconstructoreslab.art\/wp-content\/uploads\/2022\/07\/riomar-768x883.png 768w, https:\/\/jlconstructoreslab.art\/wp-content\/uploads\/2022\/07\/riomar-261x300.png 261w, https:\/\/jlconstructoreslab.art\/wp-content\/uploads\/2022\/07\/riomar-891x1024.png 891w, https:\/\/jlconstructoreslab.art\/wp-content\/uploads\/2022\/07\/riomar.png 1200w\" sizes=\"(max-width: 768px) 100vw, 768px\" \/>\t\t\t\t\t\t\t\t\t\t\t\t\t\t\t<\/div>\n\t\t\t\t<\/div>\n\t\t\t\t<div class=\"elementor-element elementor-element-f12d45a elementor-widget elementor-widget-text-editor\" data-id=\"f12d45a\" data-element_type=\"widget\" data-widget_type=\"text-editor.default\">\n\t\t\t\t<div class=\"elementor-widget-container\">\n\t\t\t\t\t\t\t<p style=\"text-align: center;\">&#8220;RIOMAR&#8221;<br \/>Acr\u00edlico sobre madera<br \/>45 x 55 cm<br \/>2021<\/p>\t\t\t\t\t\t<\/div>\n\t\t\t\t<\/div>\n\t\t\t\t<div class=\"elementor-element elementor-element-2dc3bea elementor-widget elementor-widget-image\" data-id=\"2dc3bea\" data-element_type=\"widget\" data-widget_type=\"image.default\">\n\t\t\t\t<div class=\"elementor-widget-container\">\n\t\t\t\t\t\t\t\t\t\t\t\t\t\t\t<img decoding=\"async\" width=\"800\" height=\"909\" src=\"https:\/\/jlconstructoreslab.art\/wp-content\/uploads\/2022\/07\/la-esmeralda-901x1024.png\" class=\"attachment-large size-large\" alt=\"\" loading=\"lazy\" srcset=\"https:\/\/jlconstructoreslab.art\/wp-content\/uploads\/2022\/07\/la-esmeralda-901x1024.png 901w, https:\/\/jlconstructoreslab.art\/wp-content\/uploads\/2022\/07\/la-esmeralda-264x300.png 264w, https:\/\/jlconstructoreslab.art\/wp-content\/uploads\/2022\/07\/la-esmeralda-768x873.png 768w, https:\/\/jlconstructoreslab.art\/wp-content\/uploads\/2022\/07\/la-esmeralda.png 1200w\" sizes=\"(max-width: 800px) 100vw, 800px\" \/>\t\t\t\t\t\t\t\t\t\t\t\t\t\t\t<\/div>\n\t\t\t\t<\/div>\n\t\t\t\t<div class=\"elementor-element elementor-element-9902d01 elementor-widget elementor-widget-text-editor\" data-id=\"9902d01\" data-element_type=\"widget\" data-widget_type=\"text-editor.default\">\n\t\t\t\t<div class=\"elementor-widget-container\">\n\t\t\t\t\t\t\t<p style=\"text-align: center;\">&#8220;LA ESMERALDA&#8221;<br \/>Acr\u00edlico sobre madera<br \/>45 x 55 cm<br \/>2021<\/p>\t\t\t\t\t\t<\/div>\n\t\t\t\t<\/div>\n\t\t\t\t<div class=\"elementor-element elementor-element-96e31a0 elementor-widget elementor-widget-image\" data-id=\"96e31a0\" data-element_type=\"widget\" data-widget_type=\"image.default\">\n\t\t\t\t<div class=\"elementor-widget-container\">\n\t\t\t\t\t\t\t\t\t\t\t\t\t\t\t<img decoding=\"async\" width=\"800\" height=\"849\" src=\"https:\/\/jlconstructoreslab.art\/wp-content\/uploads\/2022\/07\/bellavista-965x1024.png\" class=\"attachment-large size-large\" alt=\"\" loading=\"lazy\" srcset=\"https:\/\/jlconstructoreslab.art\/wp-content\/uploads\/2022\/07\/bellavista-965x1024.png 965w, https:\/\/jlconstructoreslab.art\/wp-content\/uploads\/2022\/07\/bellavista-283x300.png 283w, https:\/\/jlconstructoreslab.art\/wp-content\/uploads\/2022\/07\/bellavista-768x815.png 768w, https:\/\/jlconstructoreslab.art\/wp-content\/uploads\/2022\/07\/bellavista.png 1200w\" sizes=\"(max-width: 800px) 100vw, 800px\" \/>\t\t\t\t\t\t\t\t\t\t\t\t\t\t\t<\/div>\n\t\t\t\t<\/div>\n\t\t\t\t<div class=\"elementor-element elementor-element-7e5693c elementor-widget elementor-widget-text-editor\" data-id=\"7e5693c\" data-element_type=\"widget\" data-widget_type=\"text-editor.default\">\n\t\t\t\t<div class=\"elementor-widget-container\">\n\t\t\t\t\t\t\t<p style=\"text-align: center;\">&#8220;BELLAVISTA&#8221;<br \/>Acr\u00edlico y hojilla de bronce sobre madera<br \/>45 x 55 cm<br \/>2021<\/p>\t\t\t\t\t\t<\/div>\n\t\t\t\t<\/div>\n\t\t\t\t\t<\/div>\n\t\t<\/div>\n\t\t\t\t<div class=\"elementor-column elementor-col-50 elementor-top-column elementor-element elementor-element-fdf081f\" data-id=\"fdf081f\" data-element_type=\"column\">\n\t\t\t<div class=\"elementor-widget-wrap elementor-element-populated\">\n\t\t\t\t\t\t\t\t<div class=\"elementor-element elementor-element-8a83c43 elementor-widget elementor-widget-image\" data-id=\"8a83c43\" data-element_type=\"widget\" data-widget_type=\"image.default\">\n\t\t\t\t<div class=\"elementor-widget-container\">\n\t\t\t\t\t\t\t\t\t\t\t\t\t\t\t<img decoding=\"async\" width=\"800\" height=\"800\" src=\"https:\/\/jlconstructoreslab.art\/wp-content\/uploads\/2022\/07\/las-delicias-loma-fresca-1024x1024.png\" class=\"attachment-large size-large\" alt=\"\" loading=\"lazy\" srcset=\"https:\/\/jlconstructoreslab.art\/wp-content\/uploads\/2022\/07\/las-delicias-loma-fresca-1024x1024.png 1024w, https:\/\/jlconstructoreslab.art\/wp-content\/uploads\/2022\/07\/las-delicias-loma-fresca-300x300.png 300w, https:\/\/jlconstructoreslab.art\/wp-content\/uploads\/2022\/07\/las-delicias-loma-fresca-150x150.png 150w, https:\/\/jlconstructoreslab.art\/wp-content\/uploads\/2022\/07\/las-delicias-loma-fresca-768x768.png 768w, https:\/\/jlconstructoreslab.art\/wp-content\/uploads\/2022\/07\/las-delicias-loma-fresca.png 1200w\" sizes=\"(max-width: 800px) 100vw, 800px\" \/>\t\t\t\t\t\t\t\t\t\t\t\t\t\t\t<\/div>\n\t\t\t\t<\/div>\n\t\t\t\t<div class=\"elementor-element elementor-element-d2f2f1b elementor-widget elementor-widget-text-editor\" data-id=\"d2f2f1b\" data-element_type=\"widget\" data-widget_type=\"text-editor.default\">\n\t\t\t\t<div class=\"elementor-widget-container\">\n\t\t\t\t\t\t\t<p style=\"text-align: center;\">&#8220;LAS DELICIAS&#8221;<br \/>Acr\u00edlico sobre madera<br \/>45 x 55 cm<br \/>2021<\/p>\t\t\t\t\t\t<\/div>\n\t\t\t\t<\/div>\n\t\t\t\t<div class=\"elementor-element elementor-element-bb8db6c elementor-widget elementor-widget-image\" data-id=\"bb8db6c\" data-element_type=\"widget\" data-widget_type=\"image.default\">\n\t\t\t\t<div class=\"elementor-widget-container\">\n\t\t\t\t\t\t\t\t\t\t\t\t\t\t\t<img decoding=\"async\" width=\"800\" height=\"884\" src=\"https:\/\/jlconstructoreslab.art\/wp-content\/uploads\/2022\/07\/paraisp-927x1024.png\" class=\"attachment-large size-large\" alt=\"\" loading=\"lazy\" srcset=\"https:\/\/jlconstructoreslab.art\/wp-content\/uploads\/2022\/07\/paraisp-927x1024.png 927w, https:\/\/jlconstructoreslab.art\/wp-content\/uploads\/2022\/07\/paraisp-271x300.png 271w, https:\/\/jlconstructoreslab.art\/wp-content\/uploads\/2022\/07\/paraisp-768x849.png 768w, https:\/\/jlconstructoreslab.art\/wp-content\/uploads\/2022\/07\/paraisp.png 1200w\" sizes=\"(max-width: 800px) 100vw, 800px\" \/>\t\t\t\t\t\t\t\t\t\t\t\t\t\t\t<\/div>\n\t\t\t\t<\/div>\n\t\t\t\t<div class=\"elementor-element elementor-element-af38925 elementor-widget elementor-widget-text-editor\" data-id=\"af38925\" data-element_type=\"widget\" data-widget_type=\"text-editor.default\">\n\t\t\t\t<div class=\"elementor-widget-container\">\n\t\t\t\t\t\t\t<p style=\"text-align: center;\">&#8220;PARA\u00cdSO&#8221;<br \/>Acr\u00edlico y hojilla de oro sobre madera<br \/>45 x 55 cm<br \/>2021<\/p>\t\t\t\t\t\t<\/div>\n\t\t\t\t<\/div>\n\t\t\t\t<div class=\"elementor-element elementor-element-096f0b0 elementor-widget elementor-widget-image\" data-id=\"096f0b0\" data-element_type=\"widget\" data-widget_type=\"image.default\">\n\t\t\t\t<div class=\"elementor-widget-container\">\n\t\t\t\t\t\t\t\t\t\t\t\t\t\t\t<img decoding=\"async\" width=\"800\" height=\"871\" src=\"https:\/\/jlconstructoreslab.art\/wp-content\/uploads\/2022\/07\/los-noganes-941x1024.png\" class=\"attachment-large size-large\" alt=\"\" loading=\"lazy\" srcset=\"https:\/\/jlconstructoreslab.art\/wp-content\/uploads\/2022\/07\/los-noganes-941x1024.png 941w, https:\/\/jlconstructoreslab.art\/wp-content\/uploads\/2022\/07\/los-noganes-276x300.png 276w, https:\/\/jlconstructoreslab.art\/wp-content\/uploads\/2022\/07\/los-noganes-768x836.png 768w, https:\/\/jlconstructoreslab.art\/wp-content\/uploads\/2022\/07\/los-noganes.png 1200w\" sizes=\"(max-width: 800px) 100vw, 800px\" \/>\t\t\t\t\t\t\t\t\t\t\t\t\t\t\t<\/div>\n\t\t\t\t<\/div>\n\t\t\t\t<div class=\"elementor-element elementor-element-3a24e7c elementor-widget elementor-widget-text-editor\" data-id=\"3a24e7c\" data-element_type=\"widget\" data-widget_type=\"text-editor.default\">\n\t\t\t\t<div class=\"elementor-widget-container\">\n\t\t\t\t\t\t\t<p style=\"text-align: center;\">&#8220;LOS NOGALES&#8221;<br \/>Acr\u00edlico y hojilla de bronce sobre madera<br \/>45 x 55 cm<br \/>2021<\/p>\t\t\t\t\t\t<\/div>\n\t\t\t\t<\/div>\n\t\t\t\t<div class=\"elementor-element elementor-element-ef29e87 elementor-widget elementor-widget-image\" data-id=\"ef29e87\" data-element_type=\"widget\" data-widget_type=\"image.default\">\n\t\t\t\t<div class=\"elementor-widget-container\">\n\t\t\t\t\t\t\t\t\t\t\t\t\t\t\t<img decoding=\"async\" width=\"800\" height=\"931\" src=\"https:\/\/jlconstructoreslab.art\/wp-content\/uploads\/2022\/07\/los-caracoles-880x1024.png\" class=\"attachment-large size-large\" alt=\"\" loading=\"lazy\" srcset=\"https:\/\/jlconstructoreslab.art\/wp-content\/uploads\/2022\/07\/los-caracoles-880x1024.png 880w, https:\/\/jlconstructoreslab.art\/wp-content\/uploads\/2022\/07\/los-caracoles-258x300.png 258w, https:\/\/jlconstructoreslab.art\/wp-content\/uploads\/2022\/07\/los-caracoles-768x893.png 768w, https:\/\/jlconstructoreslab.art\/wp-content\/uploads\/2022\/07\/los-caracoles.png 1200w\" sizes=\"(max-width: 800px) 100vw, 800px\" \/>\t\t\t\t\t\t\t\t\t\t\t\t\t\t\t<\/div>\n\t\t\t\t<\/div>\n\t\t\t\t<div class=\"elementor-element elementor-element-d18b088 elementor-widget elementor-widget-text-editor\" data-id=\"d18b088\" data-element_type=\"widget\" data-widget_type=\"text-editor.default\">\n\t\t\t\t<div class=\"elementor-widget-container\">\n\t\t\t\t\t\t\t<p style=\"text-align: center;\">&#8220;LOS CARACOLES&#8221;<br \/>Acr\u00edlico sobre madera<br \/>45 x 55 cm<br \/>2021<\/p>\t\t\t\t\t\t<\/div>\n\t\t\t\t<\/div>\n\t\t\t\t<div class=\"elementor-element elementor-element-17c38c2 elementor-widget elementor-widget-image\" data-id=\"17c38c2\" data-element_type=\"widget\" data-widget_type=\"image.default\">\n\t\t\t\t<div class=\"elementor-widget-container\">\n\t\t\t\t\t\t\t\t\t\t\t\t\t\t\t<img decoding=\"async\" width=\"800\" height=\"800\" src=\"https:\/\/jlconstructoreslab.art\/wp-content\/uploads\/2022\/07\/centro-1024x1024.png\" class=\"attachment-large size-large\" alt=\"\" loading=\"lazy\" srcset=\"https:\/\/jlconstructoreslab.art\/wp-content\/uploads\/2022\/07\/centro-1024x1024.png 1024w, https:\/\/jlconstructoreslab.art\/wp-content\/uploads\/2022\/07\/centro-300x300.png 300w, https:\/\/jlconstructoreslab.art\/wp-content\/uploads\/2022\/07\/centro-150x150.png 150w, https:\/\/jlconstructoreslab.art\/wp-content\/uploads\/2022\/07\/centro-768x768.png 768w, https:\/\/jlconstructoreslab.art\/wp-content\/uploads\/2022\/07\/centro.png 1200w\" sizes=\"(max-width: 800px) 100vw, 800px\" \/>\t\t\t\t\t\t\t\t\t\t\t\t\t\t\t<\/div>\n\t\t\t\t<\/div>\n\t\t\t\t<div class=\"elementor-element elementor-element-62de67c elementor-widget elementor-widget-text-editor\" data-id=\"62de67c\" data-element_type=\"widget\" data-widget_type=\"text-editor.default\">\n\t\t\t\t<div class=\"elementor-widget-container\">\n\t\t\t\t\t\t\t<p style=\"text-align: center;\">&#8220;CENTRO&#8221;<br \/>Acr\u00edlico y hojilla de bronce sobre madera<br \/>45 x 55 cm<br \/>2021<\/p>\t\t\t\t\t\t<\/div>\n\t\t\t\t<\/div>\n\t\t\t\t<div class=\"elementor-element elementor-element-053fd8f elementor-widget elementor-widget-image\" data-id=\"053fd8f\" data-element_type=\"widget\" data-widget_type=\"image.default\">\n\t\t\t\t<div class=\"elementor-widget-container\">\n\t\t\t\t\t\t\t\t\t\t\t\t\t\t\t<img decoding=\"async\" width=\"800\" height=\"800\" src=\"https:\/\/jlconstructoreslab.art\/wp-content\/uploads\/2022\/07\/alameda-del-ria-1024x1024.png\" class=\"attachment-large size-large\" alt=\"\" loading=\"lazy\" srcset=\"https:\/\/jlconstructoreslab.art\/wp-content\/uploads\/2022\/07\/alameda-del-ria-1024x1024.png 1024w, https:\/\/jlconstructoreslab.art\/wp-content\/uploads\/2022\/07\/alameda-del-ria-300x300.png 300w, https:\/\/jlconstructoreslab.art\/wp-content\/uploads\/2022\/07\/alameda-del-ria-150x150.png 150w, https:\/\/jlconstructoreslab.art\/wp-content\/uploads\/2022\/07\/alameda-del-ria-768x769.png 768w, https:\/\/jlconstructoreslab.art\/wp-content\/uploads\/2022\/07\/alameda-del-ria.png 1199w\" sizes=\"(max-width: 800px) 100vw, 800px\" \/>\t\t\t\t\t\t\t\t\t\t\t\t\t\t\t<\/div>\n\t\t\t\t<\/div>\n\t\t\t\t<div class=\"elementor-element elementor-element-2ee8db2 elementor-widget elementor-widget-text-editor\" data-id=\"2ee8db2\" data-element_type=\"widget\" data-widget_type=\"text-editor.default\">\n\t\t\t\t<div class=\"elementor-widget-container\">\n\t\t\t\t\t\t\t<p style=\"text-align: center;\">&#8220;ALAMEDA DEL R\u00cdO&#8221;<br \/>Acr\u00edlico y hojilla de bronce sobre madera<br \/>45 x 55 cm<br \/>2021<\/p>\t\t\t\t\t\t<\/div>\n\t\t\t\t<\/div>\n\t\t\t\t\t<\/div>\n\t\t<\/div>\n\t\t\t\t\t\t\t<\/div>\n\t\t<\/section>\n\t\t\t\t<section class=\"elementor-section elementor-top-section elementor-element elementor-element-8c753fe elementor-section-boxed elementor-section-height-default elementor-section-height-default\" data-id=\"8c753fe\" data-element_type=\"section\">\n\t\t\t\t\t\t<div class=\"elementor-container elementor-column-gap-default\">\n\t\t\t\t\t<div class=\"elementor-column elementor-col-100 elementor-top-column elementor-element elementor-element-65b4f60\" data-id=\"65b4f60\" data-element_type=\"column\">\n\t\t\t<div class=\"elementor-widget-wrap\">\n\t\t\t\t\t\t\t\t\t<\/div>\n\t\t<\/div>\n\t\t\t\t\t\t\t<\/div>\n\t\t<\/section>\n\t\t\t\t\t\t\t<\/div>\n\t\t","protected":false},"excerpt":{"rendered":"<p>TRAYECTOS CARIBE &#8220;SAN SALVADOR&#8221; Acr\u00edlico&nbsp; y hojilla de oro sobre madera 45 x 55 cm 2021 &#8220;MIRAMAR&#8221; Acr\u00edlico y hojilla de bronce sobre madera 45 x 55 cm 2021 &#8220;LOS CEREZOS&#8221; Acr\u00edlico sobre madera 45 x 55 cm 2021 &#8220;RIOMAR&#8221; Acr\u00edlico sobre madera 45 x 55 cm 2021 &#8220;LA ESMERALDA&#8221; Acr\u00edlico sobre madera 45 x [&hellip;]<\/p>\n","protected":false},"author":1,"featured_media":0,"parent":0,"menu_order":0,"comment_status":"closed","ping_status":"closed","template":"","meta":{"om_disable_all_campaigns":false,"_monsterinsights_skip_tracking":false,"_monsterinsights_sitenote_active":false,"_monsterinsights_sitenote_note":"","_monsterinsights_sitenote_category":0},"_links":{"self":[{"href":"https:\/\/jlconstructoreslab.art\/index.php\/wp-json\/wp\/v2\/pages\/1742"}],"collection":[{"href":"https:\/\/jlconstructoreslab.art\/index.php\/wp-json\/wp\/v2\/pages"}],"about":[{"href":"https:\/\/jlconstructoreslab.art\/index.php\/wp-json\/wp\/v2\/types\/page"}],"author":[{"embeddable":true,"href":"https:\/\/jlconstructoreslab.art\/index.php\/wp-json\/wp\/v2\/users\/1"}],"replies":[{"embeddable":true,"href":"https:\/\/jlconstructoreslab.art\/index.php\/wp-json\/wp\/v2\/comments?post=1742"}],"version-history":[{"count":38,"href":"https:\/\/jlconstructoreslab.art\/index.php\/wp-json\/wp\/v2\/pages\/1742\/revisions"}],"predecessor-version":[{"id":2938,"href":"https:\/\/jlconstructoreslab.art\/index.php\/wp-json\/wp\/v2\/pages\/1742\/revisions\/2938"}],"wp:attachment":[{"href":"https:\/\/jlconstructoreslab.art\/index.php\/wp-json\/wp\/v2\/media?parent=1742"}],"curies":[{"name":"wp","href":"https:\/\/api.w.org\/{rel}","templated":true}]}}