{"id":15,"date":"2021-11-21T15:14:41","date_gmt":"2021-11-21T15:14:41","guid":{"rendered":"http:\/\/jlconstructoreslab.art\/index.php\/services\/"},"modified":"2025-01-27T19:58:58","modified_gmt":"2025-01-27T19:58:58","slug":"services","status":"publish","type":"page","link":"https:\/\/jlconstructoreslab.art\/index.php\/services\/","title":{"rendered":"GALER\u00cdA"},"content":{"rendered":"\t\t<div data-elementor-type=\"wp-page\" data-elementor-id=\"15\" class=\"elementor elementor-15\">\n\t\t\t\t\t\t\t\t\t<section class=\"elementor-section elementor-top-section elementor-element elementor-element-83746e8 elementor-section-height-min-height elementor-section-boxed elementor-section-height-default elementor-section-items-middle\" data-id=\"83746e8\" data-element_type=\"section\" data-settings=\"{&quot;background_background&quot;:&quot;classic&quot;}\">\n\t\t\t\t\t\t\t<div class=\"elementor-background-overlay\"><\/div>\n\t\t\t\t\t\t\t<div class=\"elementor-container elementor-column-gap-default\">\n\t\t\t\t\t<div class=\"elementor-column elementor-col-100 elementor-top-column elementor-element elementor-element-09faee3\" data-id=\"09faee3\" data-element_type=\"column\">\n\t\t\t<div class=\"elementor-widget-wrap elementor-element-populated\">\n\t\t\t\t\t\t\t\t<div class=\"elementor-element elementor-element-c7152a9 elementor-widget elementor-widget-heading\" data-id=\"c7152a9\" data-element_type=\"widget\" data-widget_type=\"heading.default\">\n\t\t\t\t<div class=\"elementor-widget-container\">\n\t\t\t<style>\/*! elementor - v3.6.7 - 03-07-2022 *\/\n.elementor-heading-title{padding:0;margin:0;line-height:1}.elementor-widget-heading .elementor-heading-title[class*=elementor-size-]>a{color:inherit;font-size:inherit;line-height:inherit}.elementor-widget-heading .elementor-heading-title.elementor-size-small{font-size:15px}.elementor-widget-heading .elementor-heading-title.elementor-size-medium{font-size:19px}.elementor-widget-heading .elementor-heading-title.elementor-size-large{font-size:29px}.elementor-widget-heading .elementor-heading-title.elementor-size-xl{font-size:39px}.elementor-widget-heading .elementor-heading-title.elementor-size-xxl{font-size:59px}<\/style><h1 class=\"elementor-heading-title elementor-size-default\">GALER\u00cdA<\/h1>\t\t<\/div>\n\t\t\t\t<\/div>\n\t\t\t\t\t<\/div>\n\t\t<\/div>\n\t\t\t\t\t\t\t<\/div>\n\t\t<\/section>\n\t\t\t\t<section class=\"elementor-section elementor-top-section elementor-element elementor-element-d930bb9 elementor-section-boxed elementor-section-height-default elementor-section-height-default\" data-id=\"d930bb9\" data-element_type=\"section\">\n\t\t\t\t\t\t<div class=\"elementor-container elementor-column-gap-default\">\n\t\t\t\t\t<div class=\"elementor-column elementor-col-50 elementor-top-column elementor-element elementor-element-e117030\" data-id=\"e117030\" data-element_type=\"column\">\n\t\t\t<div class=\"elementor-widget-wrap\">\n\t\t\t\t\t\t\t\t\t<\/div>\n\t\t<\/div>\n\t\t\t\t<div class=\"elementor-column elementor-col-50 elementor-top-column elementor-element elementor-element-a89bab2\" data-id=\"a89bab2\" data-element_type=\"column\">\n\t\t\t<div class=\"elementor-widget-wrap\">\n\t\t\t\t\t\t\t\t\t<\/div>\n\t\t<\/div>\n\t\t\t\t\t\t\t<\/div>\n\t\t<\/section>\n\t\t\t\t<section class=\"elementor-section elementor-top-section elementor-element elementor-element-24b2c7f elementor-section-boxed elementor-section-height-default elementor-section-height-default\" data-id=\"24b2c7f\" data-element_type=\"section\">\n\t\t\t\t\t\t<div class=\"elementor-container elementor-column-gap-default\">\n\t\t\t\t\t<div class=\"elementor-column elementor-col-50 elementor-top-column elementor-element elementor-element-641463d\" data-id=\"641463d\" data-element_type=\"column\">\n\t\t\t<div class=\"elementor-widget-wrap elementor-element-populated\">\n\t\t\t\t\t\t\t\t<div class=\"elementor-element elementor-element-3a2a60b elementor-widget elementor-widget-image\" data-id=\"3a2a60b\" data-element_type=\"widget\" data-widget_type=\"image.default\">\n\t\t\t\t<div class=\"elementor-widget-container\">\n\t\t\t<style>\/*! elementor - v3.6.7 - 03-07-2022 *\/\n.elementor-widget-image{text-align:center}.elementor-widget-image a{display:inline-block}.elementor-widget-image a img[src$=\".svg\"]{width:48px}.elementor-widget-image img{vertical-align:middle;display:inline-block}<\/style>\t\t\t\t\t\t\t\t\t<figure class=\"wp-caption\">\n\t\t\t\t\t\t\t\t\t\t\t<a href=\"http:\/\/jlconstructoreslab.art\/index.php\/umbrales\/\">\n\t\t\t\t\t\t\t<img decoding=\"async\" width=\"768\" height=\"796\" src=\"https:\/\/jlconstructoreslab.art\/wp-content\/uploads\/2023\/11\/HELADOS-A-768x796.jpg\" class=\"attachment-medium_large size-medium_large\" alt=\"\" loading=\"lazy\" srcset=\"https:\/\/jlconstructoreslab.art\/wp-content\/uploads\/2023\/11\/HELADOS-A-768x796.jpg 768w, https:\/\/jlconstructoreslab.art\/wp-content\/uploads\/2023\/11\/HELADOS-A-289x300.jpg 289w, https:\/\/jlconstructoreslab.art\/wp-content\/uploads\/2023\/11\/HELADOS-A-988x1024.jpg 988w, https:\/\/jlconstructoreslab.art\/wp-content\/uploads\/2023\/11\/HELADOS-A-1482x1536.jpg 1482w, https:\/\/jlconstructoreslab.art\/wp-content\/uploads\/2023\/11\/HELADOS-A-1976x2048.jpg 1976w\" sizes=\"(max-width: 768px) 100vw, 768px\" \/>\t\t\t\t\t\t\t\t<\/a>\n\t\t\t\t\t\t\t\t\t\t\t<figcaption class=\"widget-image-caption wp-caption-text\">UMBRALES<\/figcaption>\n\t\t\t\t\t\t\t\t\t\t<\/figure>\n\t\t\t\t\t\t\t\t\t<\/div>\n\t\t\t\t<\/div>\n\t\t\t\t<div class=\"elementor-element elementor-element-082f678 elementor-widget elementor-widget-image\" data-id=\"082f678\" data-element_type=\"widget\" data-widget_type=\"image.default\">\n\t\t\t\t<div class=\"elementor-widget-container\">\n\t\t\t\t\t\t\t\t\t\t\t\t<figure class=\"wp-caption\">\n\t\t\t\t\t\t\t\t\t\t\t<a href=\"https:\/\/jlconstructoreslab.art\/index.php\/construccion-social\/\">\n\t\t\t\t\t\t\t<img decoding=\"async\" width=\"768\" height=\"520\" src=\"https:\/\/jlconstructoreslab.art\/wp-content\/uploads\/2023\/11\/CASA-768x520.png\" class=\"attachment-medium_large size-medium_large\" alt=\"\" loading=\"lazy\" srcset=\"https:\/\/jlconstructoreslab.art\/wp-content\/uploads\/2023\/11\/CASA-768x520.png 768w, https:\/\/jlconstructoreslab.art\/wp-content\/uploads\/2023\/11\/CASA-300x203.png 300w, https:\/\/jlconstructoreslab.art\/wp-content\/uploads\/2023\/11\/CASA-1024x693.png 1024w, https:\/\/jlconstructoreslab.art\/wp-content\/uploads\/2023\/11\/CASA-1536x1040.png 1536w, https:\/\/jlconstructoreslab.art\/wp-content\/uploads\/2023\/11\/CASA-2048x1386.png 2048w\" sizes=\"(max-width: 768px) 100vw, 768px\" \/>\t\t\t\t\t\t\t\t<\/a>\n\t\t\t\t\t\t\t\t\t\t\t<figcaption class=\"widget-image-caption wp-caption-text\">CONSTRUCCI\u00d3N SOCIAL<\/figcaption>\n\t\t\t\t\t\t\t\t\t\t<\/figure>\n\t\t\t\t\t\t\t\t\t<\/div>\n\t\t\t\t<\/div>\n\t\t\t\t<div class=\"elementor-element elementor-element-a26d886 elementor-widget elementor-widget-image\" data-id=\"a26d886\" data-element_type=\"widget\" data-widget_type=\"image.default\">\n\t\t\t\t<div class=\"elementor-widget-container\">\n\t\t\t\t\t\t\t\t\t\t\t\t<figure class=\"wp-caption\">\n\t\t\t\t\t\t\t\t\t\t\t<a href=\"http:\/\/jlconstructoreslab.art\/index.php\/trayectos\/\">\n\t\t\t\t\t\t\t<img decoding=\"async\" width=\"768\" height=\"807\" src=\"https:\/\/jlconstructoreslab.art\/wp-content\/uploads\/2022\/07\/bellavista1-768x807.jpg\" class=\"attachment-medium_large size-medium_large\" alt=\"\" loading=\"lazy\" srcset=\"https:\/\/jlconstructoreslab.art\/wp-content\/uploads\/2022\/07\/bellavista1-768x807.jpg 768w, https:\/\/jlconstructoreslab.art\/wp-content\/uploads\/2022\/07\/bellavista1-286x300.jpg 286w, https:\/\/jlconstructoreslab.art\/wp-content\/uploads\/2022\/07\/bellavista1-975x1024.jpg 975w, https:\/\/jlconstructoreslab.art\/wp-content\/uploads\/2022\/07\/bellavista1-1462x1536.jpg 1462w, https:\/\/jlconstructoreslab.art\/wp-content\/uploads\/2022\/07\/bellavista1.jpg 1809w\" sizes=\"(max-width: 768px) 100vw, 768px\" \/>\t\t\t\t\t\t\t\t<\/a>\n\t\t\t\t\t\t\t\t\t\t\t<figcaption class=\"widget-image-caption wp-caption-text\">TRAYECTOS<\/figcaption>\n\t\t\t\t\t\t\t\t\t\t<\/figure>\n\t\t\t\t\t\t\t\t\t<\/div>\n\t\t\t\t<\/div>\n\t\t\t\t<div class=\"elementor-element elementor-element-b5d284b elementor-widget elementor-widget-image\" data-id=\"b5d284b\" data-element_type=\"widget\" data-widget_type=\"image.default\">\n\t\t\t\t<div class=\"elementor-widget-container\">\n\t\t\t\t\t\t\t\t\t\t\t\t<figure class=\"wp-caption\">\n\t\t\t\t\t\t\t\t\t\t\t<a href=\"http:\/\/jlconstructoreslab.art\/index.php\/fuera-de-servicio\/\">\n\t\t\t\t\t\t\t<img decoding=\"async\" width=\"768\" height=\"768\" src=\"https:\/\/jlconstructoreslab.art\/wp-content\/uploads\/2022\/07\/2-FS-800-768x768.png\" class=\"attachment-medium_large size-medium_large\" alt=\"\" loading=\"lazy\" srcset=\"https:\/\/jlconstructoreslab.art\/wp-content\/uploads\/2022\/07\/2-FS-800-768x768.png 768w, https:\/\/jlconstructoreslab.art\/wp-content\/uploads\/2022\/07\/2-FS-800-300x300.png 300w, https:\/\/jlconstructoreslab.art\/wp-content\/uploads\/2022\/07\/2-FS-800-150x150.png 150w, https:\/\/jlconstructoreslab.art\/wp-content\/uploads\/2022\/07\/2-FS-800.png 800w\" sizes=\"(max-width: 768px) 100vw, 768px\" \/>\t\t\t\t\t\t\t\t<\/a>\n\t\t\t\t\t\t\t\t\t\t\t<figcaption class=\"widget-image-caption wp-caption-text\">FUERA DE SERVICIO<\/figcaption>\n\t\t\t\t\t\t\t\t\t\t<\/figure>\n\t\t\t\t\t\t\t\t\t<\/div>\n\t\t\t\t<\/div>\n\t\t\t\t\t<\/div>\n\t\t<\/div>\n\t\t\t\t<div class=\"elementor-column elementor-col-50 elementor-top-column elementor-element elementor-element-0de8bc9\" data-id=\"0de8bc9\" data-element_type=\"column\">\n\t\t\t<div class=\"elementor-widget-wrap elementor-element-populated\">\n\t\t\t\t\t\t\t\t<div class=\"elementor-element elementor-element-8a2190c elementor-widget elementor-widget-image\" data-id=\"8a2190c\" data-element_type=\"widget\" data-widget_type=\"image.default\">\n\t\t\t\t<div class=\"elementor-widget-container\">\n\t\t\t\t\t\t\t\t\t\t\t\t<figure class=\"wp-caption\">\n\t\t\t\t\t\t\t\t\t\t\t<a href=\"https:\/\/jlconstructoreslab.art\/index.php\/art-collection\/\">\n\t\t\t\t\t\t\t<img decoding=\"async\" width=\"800\" height=\"800\" src=\"https:\/\/jlconstructoreslab.art\/wp-content\/uploads\/2023\/11\/Jl-CONSTRUCTORES-14-1-1024x1024.jpg\" class=\"attachment-large size-large\" alt=\"\" loading=\"lazy\" srcset=\"https:\/\/jlconstructoreslab.art\/wp-content\/uploads\/2023\/11\/Jl-CONSTRUCTORES-14-1-1024x1024.jpg 1024w, https:\/\/jlconstructoreslab.art\/wp-content\/uploads\/2023\/11\/Jl-CONSTRUCTORES-14-1-300x300.jpg 300w, https:\/\/jlconstructoreslab.art\/wp-content\/uploads\/2023\/11\/Jl-CONSTRUCTORES-14-1-150x150.jpg 150w, https:\/\/jlconstructoreslab.art\/wp-content\/uploads\/2023\/11\/Jl-CONSTRUCTORES-14-1-768x768.jpg 768w, https:\/\/jlconstructoreslab.art\/wp-content\/uploads\/2023\/11\/Jl-CONSTRUCTORES-14-1.jpg 1200w\" sizes=\"(max-width: 800px) 100vw, 800px\" \/>\t\t\t\t\t\t\t\t<\/a>\n\t\t\t\t\t\t\t\t\t\t\t<figcaption class=\"widget-image-caption wp-caption-text\">ART COLLECTION<\/figcaption>\n\t\t\t\t\t\t\t\t\t\t<\/figure>\n\t\t\t\t\t\t\t\t\t<\/div>\n\t\t\t\t<\/div>\n\t\t\t\t<div class=\"elementor-element elementor-element-3dd6d97 elementor-widget elementor-widget-image\" data-id=\"3dd6d97\" data-element_type=\"widget\" data-widget_type=\"image.default\">\n\t\t\t\t<div class=\"elementor-widget-container\">\n\t\t\t\t\t\t\t\t\t\t\t\t<figure class=\"wp-caption\">\n\t\t\t\t\t\t\t\t\t\t\t<a href=\"http:\/\/jlconstructoreslab.art\/index.php\/obra-en-la-via\/\">\n\t\t\t\t\t\t\t<img decoding=\"async\" width=\"768\" height=\"768\" src=\"https:\/\/jlconstructoreslab.art\/wp-content\/uploads\/2022\/07\/SALIDA-DE-VOLQUETAS-768x768.jpg\" class=\"attachment-medium_large size-medium_large\" alt=\"\" loading=\"lazy\" srcset=\"https:\/\/jlconstructoreslab.art\/wp-content\/uploads\/2022\/07\/SALIDA-DE-VOLQUETAS-768x768.jpg 768w, https:\/\/jlconstructoreslab.art\/wp-content\/uploads\/2022\/07\/SALIDA-DE-VOLQUETAS-300x300.jpg 300w, https:\/\/jlconstructoreslab.art\/wp-content\/uploads\/2022\/07\/SALIDA-DE-VOLQUETAS-1024x1024.jpg 1024w, https:\/\/jlconstructoreslab.art\/wp-content\/uploads\/2022\/07\/SALIDA-DE-VOLQUETAS-150x150.jpg 150w, https:\/\/jlconstructoreslab.art\/wp-content\/uploads\/2022\/07\/SALIDA-DE-VOLQUETAS-1536x1536.jpg 1536w, https:\/\/jlconstructoreslab.art\/wp-content\/uploads\/2022\/07\/SALIDA-DE-VOLQUETAS-2048x2048.jpg 2048w\" sizes=\"(max-width: 768px) 100vw, 768px\" \/>\t\t\t\t\t\t\t\t<\/a>\n\t\t\t\t\t\t\t\t\t\t\t<figcaption class=\"widget-image-caption wp-caption-text\">OBRA EN LA V\u00cdA<\/figcaption>\n\t\t\t\t\t\t\t\t\t\t<\/figure>\n\t\t\t\t\t\t\t\t\t<\/div>\n\t\t\t\t<\/div>\n\t\t\t\t<div class=\"elementor-element elementor-element-a6f05c3 elementor-widget elementor-widget-image\" data-id=\"a6f05c3\" data-element_type=\"widget\" data-widget_type=\"image.default\">\n\t\t\t\t<div class=\"elementor-widget-container\">\n\t\t\t\t\t\t\t\t\t\t\t\t<figure class=\"wp-caption\">\n\t\t\t\t\t\t\t\t\t\t\t<a href=\"http:\/\/jlconstructoreslab.art\/index.php\/trayectos-2\/\">\n\t\t\t\t\t\t\t<img decoding=\"async\" width=\"768\" height=\"1031\" src=\"https:\/\/jlconstructoreslab.art\/wp-content\/uploads\/2023\/01\/ok-rebeca-768x1031.jpg\" class=\"attachment-medium_large size-medium_large\" alt=\"\" loading=\"lazy\" srcset=\"https:\/\/jlconstructoreslab.art\/wp-content\/uploads\/2023\/01\/ok-rebeca-768x1031.jpg 768w, https:\/\/jlconstructoreslab.art\/wp-content\/uploads\/2023\/01\/ok-rebeca-223x300.jpg 223w, https:\/\/jlconstructoreslab.art\/wp-content\/uploads\/2023\/01\/ok-rebeca-763x1024.jpg 763w, https:\/\/jlconstructoreslab.art\/wp-content\/uploads\/2023\/01\/ok-rebeca.jpg 1013w\" sizes=\"(max-width: 768px) 100vw, 768px\" \/>\t\t\t\t\t\t\t\t<\/a>\n\t\t\t\t\t\t\t\t\t\t\t<figcaption class=\"widget-image-caption wp-caption-text\">TRAYECTOS 2<\/figcaption>\n\t\t\t\t\t\t\t\t\t\t<\/figure>\n\t\t\t\t\t\t\t\t\t<\/div>\n\t\t\t\t<\/div>\n\t\t\t\t<div class=\"elementor-element elementor-element-f85a761 elementor-widget elementor-widget-image\" data-id=\"f85a761\" data-element_type=\"widget\" data-widget_type=\"image.default\">\n\t\t\t\t<div class=\"elementor-widget-container\">\n\t\t\t\t\t\t\t\t\t\t\t\t<figure class=\"wp-caption\">\n\t\t\t\t\t\t\t\t\t\t\t<a href=\"https:\/\/jlconstructoreslab.art\/index.php\/rigor-mortis\/\">\n\t\t\t\t\t\t\t<img decoding=\"async\" src=\"https:\/\/jlconstructoreslab.art\/wp-content\/uploads\/2024\/08\/page_1.jpg\" title=\"page_1\" alt=\"page_1\" \/>\t\t\t\t\t\t\t\t<\/a>\n\t\t\t\t\t\t\t\t\t\t\t<figcaption class=\"widget-image-caption wp-caption-text\">RIGOR MORTIS<\/figcaption>\n\t\t\t\t\t\t\t\t\t\t<\/figure>\n\t\t\t\t\t\t\t\t\t<\/div>\n\t\t\t\t<\/div>\n\t\t\t\t\t<\/div>\n\t\t<\/div>\n\t\t\t\t\t\t\t<\/div>\n\t\t<\/section>\n\t\t\t\t<section class=\"elementor-section elementor-top-section elementor-element elementor-element-c945e6d elementor-section-boxed elementor-section-height-default elementor-section-height-default\" data-id=\"c945e6d\" data-element_type=\"section\">\n\t\t\t\t\t\t<div class=\"elementor-container elementor-column-gap-default\">\n\t\t\t\t\t<div class=\"elementor-column elementor-col-50 elementor-top-column elementor-element elementor-element-a9727a1\" data-id=\"a9727a1\" data-element_type=\"column\">\n\t\t\t<div class=\"elementor-widget-wrap\">\n\t\t\t\t\t\t\t\t\t<\/div>\n\t\t<\/div>\n\t\t\t\t<div class=\"elementor-column elementor-col-50 elementor-top-column elementor-element elementor-element-bba52db\" data-id=\"bba52db\" data-element_type=\"column\">\n\t\t\t<div class=\"elementor-widget-wrap\">\n\t\t\t\t\t\t\t\t\t<\/div>\n\t\t<\/div>\n\t\t\t\t\t\t\t<\/div>\n\t\t<\/section>\n\t\t\t\t<section class=\"elementor-section elementor-top-section elementor-element elementor-element-ee2fb4d elementor-section-boxed elementor-section-height-default elementor-section-height-default\" data-id=\"ee2fb4d\" data-element_type=\"section\">\n\t\t\t\t\t\t<div class=\"elementor-container elementor-column-gap-default\">\n\t\t\t\t\t<div class=\"elementor-column elementor-col-100 elementor-top-column elementor-element elementor-element-539864b\" data-id=\"539864b\" data-element_type=\"column\">\n\t\t\t<div class=\"elementor-widget-wrap elementor-element-populated\">\n\t\t\t\t\t\t\t\t<div class=\"elementor-element elementor-element-51fb7dd elementor-view-default elementor-widget elementor-widget-icon\" data-id=\"51fb7dd\" data-element_type=\"widget\" data-widget_type=\"icon.default\">\n\t\t\t\t<div class=\"elementor-widget-container\">\n\t\t\t\t\t<div class=\"elementor-icon-wrapper\">\n\t\t\t<a class=\"elementor-icon elementor-animation-pop\" href=\"https:\/\/instagram.com\/jlconstructoreslab?igshid=YTQwZjQ0NmI0OA==\">\n\t\t\t<i aria-hidden=\"true\" class=\"fab fa-instagram\"><\/i>\t\t\t<\/a>\n\t\t<\/div>\n\t\t\t\t<\/div>\n\t\t\t\t<\/div>\n\t\t\t\t\t<\/div>\n\t\t<\/div>\n\t\t\t\t\t\t\t<\/div>\n\t\t<\/section>\n\t\t\t\t\t\t\t<\/div>\n\t\t","protected":false},"excerpt":{"rendered":"<p>GALER\u00cdA UMBRALES CONSTRUCCI\u00d3N SOCIAL TRAYECTOS FUERA DE SERVICIO ART COLLECTION OBRA EN LA V\u00cdA TRAYECTOS 2 RIGOR MORTIS<\/p>\n","protected":false},"author":1,"featured_media":0,"parent":0,"menu_order":0,"comment_status":"closed","ping_status":"closed","template":"","meta":{"om_disable_all_campaigns":false,"_monsterinsights_skip_tracking":false,"_monsterinsights_sitenote_active":false,"_monsterinsights_sitenote_note":"","_monsterinsights_sitenote_category":0},"_links":{"self":[{"href":"https:\/\/jlconstructoreslab.art\/index.php\/wp-json\/wp\/v2\/pages\/15"}],"collection":[{"href":"https:\/\/jlconstructoreslab.art\/index.php\/wp-json\/wp\/v2\/pages"}],"about":[{"href":"https:\/\/jlconstructoreslab.art\/index.php\/wp-json\/wp\/v2\/types\/page"}],"author":[{"embeddable":true,"href":"https:\/\/jlconstructoreslab.art\/index.php\/wp-json\/wp\/v2\/users\/1"}],"replies":[{"embeddable":true,"href":"https:\/\/jlconstructoreslab.art\/index.php\/wp-json\/wp\/v2\/comments?post=15"}],"version-history":[{"count":85,"href":"https:\/\/jlconstructoreslab.art\/index.php\/wp-json\/wp\/v2\/pages\/15\/revisions"}],"predecessor-version":[{"id":2921,"href":"https:\/\/jlconstructoreslab.art\/index.php\/wp-json\/wp\/v2\/pages\/15\/revisions\/2921"}],"wp:attachment":[{"href":"https:\/\/jlconstructoreslab.art\/index.php\/wp-json\/wp\/v2\/media?parent=15"}],"curies":[{"name":"wp","href":"https:\/\/api.w.org\/{rel}","templated":true}]}}