{"id":1412,"date":"2022-07-13T21:04:54","date_gmt":"2022-07-13T21:04:54","guid":{"rendered":"http:\/\/jlconstructoreslab.art\/?page_id=1412"},"modified":"2025-01-27T20:25:57","modified_gmt":"2025-01-27T20:25:57","slug":"trayectos","status":"publish","type":"page","link":"https:\/\/jlconstructoreslab.art\/index.php\/trayectos\/","title":{"rendered":"TRAYECTOS"},"content":{"rendered":"\t\t<div data-elementor-type=\"wp-page\" data-elementor-id=\"1412\" class=\"elementor elementor-1412\">\n\t\t\t\t\t\t\t\t\t<section class=\"elementor-section elementor-top-section elementor-element elementor-element-9c2439b elementor-section-height-min-height elementor-section-boxed elementor-section-height-default elementor-section-items-middle\" data-id=\"9c2439b\" data-element_type=\"section\" data-settings=\"{&quot;background_background&quot;:&quot;classic&quot;}\">\n\t\t\t\t\t\t\t<div class=\"elementor-background-overlay\"><\/div>\n\t\t\t\t\t\t\t<div class=\"elementor-container elementor-column-gap-default\">\n\t\t\t\t\t<div class=\"elementor-column elementor-col-100 elementor-top-column elementor-element elementor-element-dc82a35\" data-id=\"dc82a35\" data-element_type=\"column\">\n\t\t\t<div class=\"elementor-widget-wrap elementor-element-populated\">\n\t\t\t\t\t\t\t\t<div class=\"elementor-element elementor-element-261358c elementor-widget elementor-widget-heading\" data-id=\"261358c\" data-element_type=\"widget\" data-widget_type=\"heading.default\">\n\t\t\t\t<div class=\"elementor-widget-container\">\n\t\t\t<style>\/*! elementor - v3.6.7 - 03-07-2022 *\/\n.elementor-heading-title{padding:0;margin:0;line-height:1}.elementor-widget-heading .elementor-heading-title[class*=elementor-size-]>a{color:inherit;font-size:inherit;line-height:inherit}.elementor-widget-heading .elementor-heading-title.elementor-size-small{font-size:15px}.elementor-widget-heading .elementor-heading-title.elementor-size-medium{font-size:19px}.elementor-widget-heading .elementor-heading-title.elementor-size-large{font-size:29px}.elementor-widget-heading .elementor-heading-title.elementor-size-xl{font-size:39px}.elementor-widget-heading .elementor-heading-title.elementor-size-xxl{font-size:59px}<\/style><h1 class=\"elementor-heading-title elementor-size-default\">TRAYECTOS<\/h1>\t\t<\/div>\n\t\t\t\t<\/div>\n\t\t\t\t\t<\/div>\n\t\t<\/div>\n\t\t\t\t\t\t\t<\/div>\n\t\t<\/section>\n\t\t\t\t<section class=\"elementor-section elementor-top-section elementor-element elementor-element-56435d0 elementor-section-boxed elementor-section-height-default elementor-section-height-default\" data-id=\"56435d0\" data-element_type=\"section\">\n\t\t\t\t\t\t<div class=\"elementor-container elementor-column-gap-default\">\n\t\t\t\t\t<div class=\"elementor-column elementor-col-100 elementor-top-column elementor-element elementor-element-f35ae01\" data-id=\"f35ae01\" data-element_type=\"column\">\n\t\t\t<div class=\"elementor-widget-wrap elementor-element-populated\">\n\t\t\t\t\t\t\t\t<div class=\"elementor-element elementor-element-e9f659f elementor-widget elementor-widget-text-editor\" data-id=\"e9f659f\" data-element_type=\"widget\" data-widget_type=\"text-editor.default\">\n\t\t\t\t<div class=\"elementor-widget-container\">\n\t\t\t<style>\/*! elementor - v3.6.7 - 03-07-2022 *\/\n.elementor-widget-text-editor.elementor-drop-cap-view-stacked .elementor-drop-cap{background-color:#818a91;color:#fff}.elementor-widget-text-editor.elementor-drop-cap-view-framed .elementor-drop-cap{color:#818a91;border:3px solid;background-color:transparent}.elementor-widget-text-editor:not(.elementor-drop-cap-view-default) .elementor-drop-cap{margin-top:8px}.elementor-widget-text-editor:not(.elementor-drop-cap-view-default) .elementor-drop-cap-letter{width:1em;height:1em}.elementor-widget-text-editor .elementor-drop-cap{float:left;text-align:center;line-height:1;font-size:50px}.elementor-widget-text-editor .elementor-drop-cap-letter{display:inline-block}<\/style>\t\t\t\t<p><br><\/p><p>TRAYECTOS es un proyecto pict\u00f3rico de apropiaci\u00f3n de las antiguas tablas de ruta de los buses tradicionales de Bogot\u00e1 y Colombia, en el que creamos un imaginario de recorridos a partir de la asociaci\u00f3n y clasificaci\u00f3n de los nombres de los barrios como conceptos, t\u00e9rminos e im\u00e1genes populares de las calles del pa\u00eds.<\/p>\t\t\t\t\t\t<\/div>\n\t\t\t\t<\/div>\n\t\t\t\t<div class=\"elementor-element elementor-element-917ceca elementor-widget elementor-widget-text-editor\" data-id=\"917ceca\" data-element_type=\"widget\" data-widget_type=\"text-editor.default\">\n\t\t\t\t<div class=\"elementor-widget-container\">\n\t\t\t\t\t\t\t\t\t\t\t\t\t<\/div>\n\t\t\t\t<\/div>\n\t\t\t\t\t<\/div>\n\t\t<\/div>\n\t\t\t\t\t\t\t<\/div>\n\t\t<\/section>\n\t\t\t\t<section class=\"elementor-section elementor-top-section elementor-element elementor-element-9a504c2 elementor-section-boxed elementor-section-height-default elementor-section-height-default\" data-id=\"9a504c2\" data-element_type=\"section\">\n\t\t\t\t\t\t<div class=\"elementor-container elementor-column-gap-default\">\n\t\t\t\t\t<div class=\"elementor-column elementor-col-50 elementor-top-column elementor-element elementor-element-1600814\" data-id=\"1600814\" data-element_type=\"column\">\n\t\t\t<div class=\"elementor-widget-wrap elementor-element-populated\">\n\t\t\t\t\t\t\t\t<div class=\"elementor-element elementor-element-a27fc5b elementor-widget elementor-widget-image\" data-id=\"a27fc5b\" data-element_type=\"widget\" data-widget_type=\"image.default\">\n\t\t\t\t<div class=\"elementor-widget-container\">\n\t\t\t<style>\/*! elementor - v3.6.7 - 03-07-2022 *\/\n.elementor-widget-image{text-align:center}.elementor-widget-image a{display:inline-block}.elementor-widget-image a img[src$=\".svg\"]{width:48px}.elementor-widget-image img{vertical-align:middle;display:inline-block}<\/style>\t\t\t\t\t\t\t\t\t<figure class=\"wp-caption\">\n\t\t\t\t\t\t\t\t\t\t\t<a href=\"http:\/\/jlconstructoreslab.art\/index.php\/trayectos-bogota\/\">\n\t\t\t\t\t\t\t<img decoding=\"async\" width=\"1809\" height=\"1900\" src=\"https:\/\/jlconstructoreslab.art\/wp-content\/uploads\/2022\/07\/bellavista1.jpg\" class=\"attachment-2048x2048 size-2048x2048\" alt=\"\" loading=\"lazy\" srcset=\"https:\/\/jlconstructoreslab.art\/wp-content\/uploads\/2022\/07\/bellavista1.jpg 1809w, https:\/\/jlconstructoreslab.art\/wp-content\/uploads\/2022\/07\/bellavista1-286x300.jpg 286w, https:\/\/jlconstructoreslab.art\/wp-content\/uploads\/2022\/07\/bellavista1-975x1024.jpg 975w, https:\/\/jlconstructoreslab.art\/wp-content\/uploads\/2022\/07\/bellavista1-768x807.jpg 768w, https:\/\/jlconstructoreslab.art\/wp-content\/uploads\/2022\/07\/bellavista1-1462x1536.jpg 1462w\" sizes=\"(max-width: 1809px) 100vw, 1809px\" \/>\t\t\t\t\t\t\t\t<\/a>\n\t\t\t\t\t\t\t\t\t\t\t<figcaption class=\"widget-image-caption wp-caption-text\">TRAYECTOS BOGOT\u00c1<\/figcaption>\n\t\t\t\t\t\t\t\t\t\t<\/figure>\n\t\t\t\t\t\t\t\t\t<\/div>\n\t\t\t\t<\/div>\n\t\t\t\t\t<\/div>\n\t\t<\/div>\n\t\t\t\t<div class=\"elementor-column elementor-col-50 elementor-top-column elementor-element elementor-element-d887d2a\" data-id=\"d887d2a\" data-element_type=\"column\">\n\t\t\t<div class=\"elementor-widget-wrap elementor-element-populated\">\n\t\t\t\t\t\t\t\t<div class=\"elementor-element elementor-element-dc3a264 elementor-widget elementor-widget-image\" data-id=\"dc3a264\" data-element_type=\"widget\" data-widget_type=\"image.default\">\n\t\t\t\t<div class=\"elementor-widget-container\">\n\t\t\t\t\t\t\t\t\t\t\t\t<figure class=\"wp-caption\">\n\t\t\t\t\t\t\t\t\t\t\t<a href=\"http:\/\/jlconstructoreslab.art\/?page_id=1742&#038;preview=true\">\n\t\t\t\t\t\t\t<img decoding=\"async\" width=\"768\" height=\"847\" src=\"https:\/\/jlconstructoreslab.art\/wp-content\/uploads\/2022\/07\/campo-alegre-768x847.png\" class=\"attachment-medium_large size-medium_large\" alt=\"\" loading=\"lazy\" srcset=\"https:\/\/jlconstructoreslab.art\/wp-content\/uploads\/2022\/07\/campo-alegre-768x847.png 768w, https:\/\/jlconstructoreslab.art\/wp-content\/uploads\/2022\/07\/campo-alegre-272x300.png 272w, https:\/\/jlconstructoreslab.art\/wp-content\/uploads\/2022\/07\/campo-alegre-929x1024.png 929w, https:\/\/jlconstructoreslab.art\/wp-content\/uploads\/2022\/07\/campo-alegre.png 1200w\" sizes=\"(max-width: 768px) 100vw, 768px\" \/>\t\t\t\t\t\t\t\t<\/a>\n\t\t\t\t\t\t\t\t\t\t\t<figcaption class=\"widget-image-caption wp-caption-text\">TRAYECTOS CARIBE<\/figcaption>\n\t\t\t\t\t\t\t\t\t\t<\/figure>\n\t\t\t\t\t\t\t\t\t<\/div>\n\t\t\t\t<\/div>\n\t\t\t\t<div class=\"elementor-element elementor-element-c6d05c0 elementor-widget elementor-widget-text-editor\" data-id=\"c6d05c0\" data-element_type=\"widget\" data-widget_type=\"text-editor.default\">\n\t\t\t\t<div class=\"elementor-widget-container\">\n\t\t\t\t\t\t\t\t\t\t\t\t\t<\/div>\n\t\t\t\t<\/div>\n\t\t\t\t\t<\/div>\n\t\t<\/div>\n\t\t\t\t\t\t\t<\/div>\n\t\t<\/section>\n\t\t\t\t<section class=\"elementor-section elementor-top-section elementor-element elementor-element-c078607 elementor-section-boxed elementor-section-height-default elementor-section-height-default\" data-id=\"c078607\" data-element_type=\"section\">\n\t\t\t\t\t\t<div class=\"elementor-container elementor-column-gap-default\">\n\t\t\t\t\t<div class=\"elementor-column elementor-col-100 elementor-top-column elementor-element elementor-element-0b7b365\" data-id=\"0b7b365\" data-element_type=\"column\">\n\t\t\t<div class=\"elementor-widget-wrap elementor-element-populated\">\n\t\t\t\t\t\t\t\t<div class=\"elementor-element elementor-element-d76db83 elementor-view-default elementor-widget elementor-widget-icon\" data-id=\"d76db83\" data-element_type=\"widget\" data-widget_type=\"icon.default\">\n\t\t\t\t<div class=\"elementor-widget-container\">\n\t\t\t\t\t<div class=\"elementor-icon-wrapper\">\n\t\t\t<a class=\"elementor-icon\" href=\"https:\/\/instagram.com\/jlconstructoreslab?igshid=YTQwZjQ0NmI0OA==\">\n\t\t\t<i aria-hidden=\"true\" class=\"fab fa-instagram\"><\/i>\t\t\t<\/a>\n\t\t<\/div>\n\t\t\t\t<\/div>\n\t\t\t\t<\/div>\n\t\t\t\t\t<\/div>\n\t\t<\/div>\n\t\t\t\t\t\t\t<\/div>\n\t\t<\/section>\n\t\t\t\t\t\t\t<\/div>\n\t\t","protected":false},"excerpt":{"rendered":"<p>TRAYECTOS TRAYECTOS es un proyecto pict\u00f3rico de apropiaci\u00f3n de las antiguas tablas de ruta de los buses tradicionales de Bogot\u00e1 y Colombia, en el que creamos un imaginario de recorridos a partir de la asociaci\u00f3n y clasificaci\u00f3n de los nombres de los barrios como conceptos, t\u00e9rminos e im\u00e1genes populares de las calles del pa\u00eds. TRAYECTOS [&hellip;]<\/p>\n","protected":false},"author":1,"featured_media":0,"parent":0,"menu_order":0,"comment_status":"closed","ping_status":"closed","template":"","meta":{"om_disable_all_campaigns":false,"_monsterinsights_skip_tracking":false,"_monsterinsights_sitenote_active":false,"_monsterinsights_sitenote_note":"","_monsterinsights_sitenote_category":0},"_links":{"self":[{"href":"https:\/\/jlconstructoreslab.art\/index.php\/wp-json\/wp\/v2\/pages\/1412"}],"collection":[{"href":"https:\/\/jlconstructoreslab.art\/index.php\/wp-json\/wp\/v2\/pages"}],"about":[{"href":"https:\/\/jlconstructoreslab.art\/index.php\/wp-json\/wp\/v2\/types\/page"}],"author":[{"embeddable":true,"href":"https:\/\/jlconstructoreslab.art\/index.php\/wp-json\/wp\/v2\/users\/1"}],"replies":[{"embeddable":true,"href":"https:\/\/jlconstructoreslab.art\/index.php\/wp-json\/wp\/v2\/comments?post=1412"}],"version-history":[{"count":46,"href":"https:\/\/jlconstructoreslab.art\/index.php\/wp-json\/wp\/v2\/pages\/1412\/revisions"}],"predecessor-version":[{"id":2952,"href":"https:\/\/jlconstructoreslab.art\/index.php\/wp-json\/wp\/v2\/pages\/1412\/revisions\/2952"}],"wp:attachment":[{"href":"https:\/\/jlconstructoreslab.art\/index.php\/wp-json\/wp\/v2\/media?parent=1412"}],"curies":[{"name":"wp","href":"https:\/\/api.w.org\/{rel}","templated":true}]}}