{"id":14,"date":"2021-11-21T15:14:19","date_gmt":"2021-11-21T15:14:19","guid":{"rendered":"http:\/\/jlconstructoreslab.art\/index.php\/about\/"},"modified":"2026-02-10T23:51:32","modified_gmt":"2026-02-10T23:51:32","slug":"about","status":"publish","type":"page","link":"https:\/\/jlconstructoreslab.art\/index.php\/about\/","title":{"rendered":"BIO"},"content":{"rendered":"\t\t<div data-elementor-type=\"wp-page\" data-elementor-id=\"14\" class=\"elementor elementor-14\">\n\t\t\t\t\t\t\t\t\t<section class=\"elementor-section elementor-top-section elementor-element elementor-element-c8ddeb6 elementor-section-height-min-height elementor-section-boxed elementor-section-height-default elementor-section-items-middle\" data-id=\"c8ddeb6\" data-element_type=\"section\" data-settings=\"{&quot;background_background&quot;:&quot;classic&quot;}\">\n\t\t\t\t\t\t\t<div class=\"elementor-background-overlay\"><\/div>\n\t\t\t\t\t\t\t<div class=\"elementor-container elementor-column-gap-default\">\n\t\t\t\t\t<div class=\"elementor-column elementor-col-100 elementor-top-column elementor-element elementor-element-6a5337e\" data-id=\"6a5337e\" data-element_type=\"column\">\n\t\t\t<div class=\"elementor-widget-wrap elementor-element-populated\">\n\t\t\t\t\t\t\t\t<div class=\"elementor-element elementor-element-910a944 elementor-widget elementor-widget-heading\" data-id=\"910a944\" data-element_type=\"widget\" data-widget_type=\"heading.default\">\n\t\t\t\t<div class=\"elementor-widget-container\">\n\t\t\t<style>\/*! elementor - v3.6.7 - 03-07-2022 *\/\n.elementor-heading-title{padding:0;margin:0;line-height:1}.elementor-widget-heading .elementor-heading-title[class*=elementor-size-]>a{color:inherit;font-size:inherit;line-height:inherit}.elementor-widget-heading .elementor-heading-title.elementor-size-small{font-size:15px}.elementor-widget-heading .elementor-heading-title.elementor-size-medium{font-size:19px}.elementor-widget-heading .elementor-heading-title.elementor-size-large{font-size:29px}.elementor-widget-heading .elementor-heading-title.elementor-size-xl{font-size:39px}.elementor-widget-heading .elementor-heading-title.elementor-size-xxl{font-size:59px}<\/style><h2 class=\"elementor-heading-title elementor-size-default\"><h1 data-elementor-setting-key=\"title\" data-pen-placeholder=\"Teclea aqu\u00ed...\" style=\"font-family: -apple-system, BlinkMacSystemFont, &quot;Segoe UI&quot;, Roboto, &quot;Helvetica Neue&quot;, Arial, &quot;Noto Sans&quot;, sans-serif, &quot;Apple Color Emoji&quot;, &quot;Segoe UI Emoji&quot;, &quot;Segoe UI Symbol&quot;, &quot;Noto Color Emoji&quot;; color: rgb(254, 18, 255); font-size: 76px; white-space-collapse: collapse; margin-bottom: 0px; letter-spacing: -3px; text-align: center;\">BIO<\/h1><\/h2>\t\t<\/div>\n\t\t\t\t<\/div>\n\t\t\t\t\t<\/div>\n\t\t<\/div>\n\t\t\t\t\t\t\t<\/div>\n\t\t<\/section>\n\t\t\t\t<section class=\"elementor-section elementor-top-section elementor-element elementor-element-5ebbbc9b elementor-section-content-middle elementor-section-boxed elementor-section-height-default elementor-section-height-default\" data-id=\"5ebbbc9b\" data-element_type=\"section\">\n\t\t\t\t\t\t<div class=\"elementor-container elementor-column-gap-no\">\n\t\t\t\t\t<div class=\"elementor-column elementor-col-100 elementor-top-column elementor-element elementor-element-7eb3d92e\" data-id=\"7eb3d92e\" data-element_type=\"column\">\n\t\t\t<div class=\"elementor-widget-wrap elementor-element-populated\">\n\t\t\t\t\t\t\t\t<div class=\"elementor-element elementor-element-99defe1 elementor-widget elementor-widget-text-editor\" data-id=\"99defe1\" data-element_type=\"widget\" data-widget_type=\"text-editor.default\">\n\t\t\t\t<div class=\"elementor-widget-container\">\n\t\t\t<style>\/*! elementor - v3.6.7 - 03-07-2022 *\/\n.elementor-widget-text-editor.elementor-drop-cap-view-stacked .elementor-drop-cap{background-color:#818a91;color:#fff}.elementor-widget-text-editor.elementor-drop-cap-view-framed .elementor-drop-cap{color:#818a91;border:3px solid;background-color:transparent}.elementor-widget-text-editor:not(.elementor-drop-cap-view-default) .elementor-drop-cap{margin-top:8px}.elementor-widget-text-editor:not(.elementor-drop-cap-view-default) .elementor-drop-cap-letter{width:1em;height:1em}.elementor-widget-text-editor .elementor-drop-cap{float:left;text-align:center;line-height:1;font-size:50px}.elementor-widget-text-editor .elementor-drop-cap-letter{display:inline-block}<\/style>\t\t\t\t<p><\/p>\n<p>J&amp;L CONSTRUCTORES es un d\u00fao art\u00edstico colaborativo conformado desde el a\u00f1o 2012 por los Maestros en Artes Pl\u00e1sticas y Visuales Jimmy Espinosa (Bogot\u00e1, 1984) y Lina Prieto (Bogot\u00e1, 1985). Se graduaron en la Academia Superior de Artes de Bogot\u00e1 A.S.A.B., Universidad Francisco Jos\u00e9 de Caldas, Bogot\u00e1, Colombia, en los a\u00f1os 2008 y 2012, respectivamente.<\/p>\n<p>Nuestras obras reflexionan sobre c\u00f3mo la ciudad se transforma a trav\u00e9s de renovaciones urbanas, din\u00e1micas sociales y el paso del tiempo. Las formas de habitar y los contrastes entre entornos influyen en la memoria colectiva y la identidad. Representamos los cambios socioculturales, apropiamos la memoria visual de los territorios en evoluci\u00f3n, abordando la est\u00e9tica popular y las experiencias cotidianas en Latinoam\u00e9rica.<br>Nuestros proyectos cuestionan las fronteras entre lo individual y lo colectivo, el arte y la vida cotidiana, y entre la realidad y su representaci\u00f3n.<\/p>\n<p><br><\/p><p><br><\/p>\n<p style=\"color: rgba(61,60,60,var(--O42jJQ,1)); caret-color: rgb(61, 60, 60); --8sD0Kg: none; font-family: YAFdtQi73Xs_0, _fb_, auto; --cyV3ZQ: 21.3333px; --gJPlXQ: 1.37; letter-spacing: 0.022em; --s8NbEA: p; line-height: 29px;\"><span style=\"color: rgba(61,60,60,var(--O42jJQ,1)); --Ys-XuQ: none; font-kerning: none;\"><\/span><\/p>\t\t\t\t\t\t<\/div>\n\t\t\t\t<\/div>\n\t\t\t\t<div class=\"elementor-element elementor-element-5f910e9 elementor-widget elementor-widget-text-editor\" data-id=\"5f910e9\" data-element_type=\"widget\" data-widget_type=\"text-editor.default\">\n\t\t\t\t<div class=\"elementor-widget-container\">\n\t\t\t\t\t\t\t<p><strong>EXPOSICIONES\u00a0INDI<\/strong><strong>VIDUALES\u00a0<\/strong><\/p><p><strong>\u00a0<\/strong><\/p><p>\u00a0<\/p><p>2024\u00a0UMBRALES, espacio pr\u00f3ximo a demoler barrio Chic\u00f3., Bogot\u00e1, Colombia<\/p><p>2021\u00a0TRAYECTOS 12:00 Galer\u00eda, Bogot\u00e1, Colombia<\/p><p>2017\u00a0INSECTARIUM Galer\u00eda AURA ARTE, Medell\u00edn, Colombia<\/p><p>2014\u00a0AFLICCI\u00d3N Galer\u00eda NEEBEX S7 Bogot\u00e1, Colombia<\/p><p>2013\u00a0RIGOR MORTIS Galer\u00eda NEEBEX, Bogot\u00e1, Colombia<\/p><p>2012\u00a0PECATR\u00cdZ Museo de Arte Contempor\u00e1neo, Bogot\u00e1, Colombia<\/p><p>2008\u00a0SANTOS \u00d3LEOS Academia Superior de Artes de Bogot\u00e1 Universidad\u00a0Distrital Francisco Jos\u00e9 de Caldas., Bogot\u00e1, Colombia<\/p><p>\u00a0<\/p><p>\u00a0<\/p><p>\u00a0<\/p><p><strong>EXPOSICIONES\u00a0 COLECTIVAS\u00a0<\/strong><\/p><p><strong>\u00a0<\/strong><\/p><p>&#8211;\u00a02025<\/p><p>AGUINALDOS, Galer\u00eda LATINOU, CDMX , M\u00e9xico<\/p><p>5 A\u00d1OS, Proceso Art Gallery, Bogot\u00e1, Colombia<\/p><p>SIE7E 5INCO, Galer\u00eda Elsa Pi\u00f1eres. Barranquilla, Colombia<\/p><p>Pirater\u00eda Sentimental, Casa Verde Galer\u00eda Elsa Pi\u00f1eres. Barranquilla, Colombia<\/p><p>Bienal Internacional de Arte y Ciudad BOG25, La ciudad de los espectros: Bogot\u00e1 ante el tiempo, Centro Colombo Americano, Bogot\u00e1, Colombia<\/p><p>UN_FAIR Especial Project, Bogot\u00e1, Colombia<\/p><p>Simbionte, Galer\u00eda Casa Hoffmann, Bogot\u00e1, Colombia<\/p><p>Entre M\u00e1rgenes vol. 2 Proceso Art Gallery -Plura Coliving, Bogot\u00e1, Colombia<\/p><p>Arqueolog\u00eda del Grafiti, Centro Felicidad Chapinero, Bogot\u00e1, Colombia.<\/p><p>SoyArte Expo, Bogot\u00e1, Colombia<\/p><p>Entre M\u00e1rgenes vol. 1 Proceso Art Gallery, Bogot\u00e1, Colombia.<\/p><p>Umbrales, Galer\u00eda 959, Monterrey, M\u00e9xico<\/p><p>Fin de semana ARTBO, Sala Alterna Galer\u00eda Proceso, Bogot\u00e1, Colombia.<\/p><p><span style=\"font-size: 1rem;\">SoyArte 7.77, Bogot\u00e1, Colombia<\/span><\/p><p>FRAGMENTOS CROM\u00c1TICOS, Club Campestre los Arrayanes, Bogot\u00e1, Colombia<\/p><p>Pop up, Art Latinou, CMDX, M\u00e9xico<\/p><p>2024<\/p><p>NARRATIVAS\u00a0DE UN TODO, Galer\u00eda Carlos Orozco, Medell\u00edn, Colombia<\/p><p>VOLUMEN, Galer\u00eda Proceso Bogot\u00e1, Colombia<\/p><p>INSIDE \/ OUT, Galer\u00eda El Garaje, Bogot\u00e1, Colombia<\/p><p>LA COLECTIVA DE LA D\u00c9CADA Galer\u00eda Sal\u00f3n Comunal, Bogot\u00e1, Colombia<\/p><p>SAL\u00d3N NACIONAL DE PINTURA, Galer\u00eda Elvira Moreno, Bogot\u00e1, Colombia<\/p><p>PINTANDO EL CINE 3, Club El Nogal, Bogot\u00e1, Colombia<\/p><p>2023<\/p><p>LA COTIDIANIDAD EN EL ARTE, Galer\u00eda Micelio, Bogot\u00e1, Colombia<\/p><p>PINTANDO EL CINE 2, Galer\u00eda CASA ZIRIO, Bogot\u00e1, Colombia<\/p><p>\u00bfY LA CASA D\u00d3NDE QUED\u00d3?, Sala de Proyectos Universidad de los Andes, Bogot\u00e1,\u00a0Colombia<\/p><p>ART FOR HOPE CNG Bogot\u00e1, Colombia<\/p><p>Exposici\u00f3n Colectiva INTERSECCIONES Museo de Arte Contempor\u00e1neo,\u00a0Bogot\u00e1, Colombia<\/p><p>2022<\/p><p>Exposici\u00f3n Colectiva 2M, Galer\u00eda Club El Nogal, Bogot\u00e1, Colombia<\/p><p>Sal\u00f3n Crea 4, Galer\u00eda Sal\u00f3n Comunal, Bogot\u00e1, Colombia<\/p><p>EL COFRE, DAMA GALER\u00cdA, Bogot\u00e1, Colombia<\/p><p>EN LA CALLE, Arte y conexi\u00f3n, Bogot\u00e1, Colombia<\/p><p>Sie7e 5inco arte en peque\u00f1o formato, Galer\u00eda Elsa Pi\u00f1eres, Barranquilla, Colombia<\/p><p>2021<\/p><p>SOY ARTE Exposici\u00f3n colectiva ROLAND SCHAMBACH, Bogot\u00e1, Colombia<\/p><p>Exposici\u00f3n colectiva Lagaleriaonline, LA COMUNA, Bogot\u00e1 ,\u00a0Colombia<\/p><p>2020<\/p><p>ICONOGRAF\u00cdAS DEL BARRIO. Centro Colombo Americano Calle 100, Bogot\u00e1, Colombia<\/p><p>SubastArte, Bogot\u00e1, Colombia<\/p><p>2019<\/p><p>Exposici\u00f3n colectiva Galer\u00eda 12:00. Bogot\u00e1, Colombia<\/p><p>CIVITAS Galer\u00eda Adri\u00e1n Ib\u00e1\u00f1ez, Tabio, Colombia<\/p><p>2018<\/p><p>Victorian Times \u201cdesfase hist\u00f3rico y pol\u00edtica regresiva. CASA 4 , Bogot\u00e1, Colombia<\/p><p>Circuito talleres Centro- Open Studio, Estudios Embajador, Bogot\u00e1, Colombia<\/p><p>TROPIPOP \u201ctr\u00f3pico popular\u201d. MELAKA ART GALLERY, Bogot\u00e1, Colombia<\/p><p>2017<\/p><p>Circuito talleres Centro \u2013 Open Studio. Estudios Embajador , Bogot\u00e1,\u00a0Colombia<\/p><p>2016<\/p><p>ANIMALIA , Galer\u00eda Poliedro Arts , Tabio,\u00a0Colombia<\/p><p>2015<\/p><p>IMAGO MUNDI \u201cDEL NUEVO ARTE\u201d BIENAL DE VENECIA, Fondazione Giorgio Cini , Venecia, Italia<\/p><p>2014<\/p><p>ANIMA &#8211; ANIMAL. Cementerio Central, Bogot\u00e1, Colombia<\/p><p>2013<\/p><p>PRIMERA VERSI\u00d3N DE LA NOCHE EN BLANCO EN BOGOT\u00c1, Colegio Champagnat Bogot\u00e1, Colombia<\/p><p>EXPOSICIONES JIMMY ESPINOSA<\/p><p>2025<\/p><p>Pirater\u00eda Sentimental, Casa Verde Galer\u00eda Elsa Pi\u00f1eres. Barranquilla, Colombia<\/p><p>2023<\/p><p>Exposici\u00f3n Colectiva INTERSECCIONES Museo de Arte Contempor\u00e1neo de Bogot\u00e1, Bogot\u00e1, Colombia<\/p><p>2016<\/p><p>DI\u00c1LOGOS TRANSVERSALES, UNIMINUTO Sede Bello, Antioquia, Colombia<\/p><p>2014<\/p><p>D\u00c9CADA TESIS II, Aproximaciones, iconograf\u00edas Museo de Arte Contempor\u00e1neo de Bogot\u00e1, Bogot\u00e1, Colombia<\/p><p>2012<\/p><p>BOTICA-REMEDIOS TALISMANES Y AMULETOS, Museo de la sociedad de cirug\u00eda de Bogot\u00e1, Colombia<\/p><p>2011<\/p><p>ARTE Y SU ESPACIO, Plaza Distrital de mercado la Concordia , Bogot\u00e1, Colombia<\/p><p>PROYECTO S.A., Museo de Arte Contempor\u00e1neo de Bogot\u00e1, Bogot\u00e1,\u00a0Colombia<\/p><p>GRAN ENCICLOPEDIA AC\u00c9MILA, TOMO II \u2013 DE INDIGENCIAS Y OTRAS BESTIAS, Academia Superior de Artes de Bogot\u00e1, Colombia.<\/p><p>PROYECTO \u201cCAZA DE BRUJAS\u201d , R y R Constructores. Bogot\u00e1, Colombia<\/p><p>ANATOM\u00cdA Y PATOLOG\u00cdA HUMANA) CIENCIA + ARTE CONTEMPOR\u00c1NEO, Museo de la sociedad de cirug\u00eda de Bogot\u00e1, Colombia<\/p><p>APUNTES COTIDIANOS\u201d , M\u00e9xico (Facultad de artes UAEM), Colombia (Facultad de artes ASAB), Panam\u00e1<\/p><p>2010<\/p><p>CATOLICISMUS CONVULSIVUS, La peluquer\u00eda, Bogot\u00e1, Colombia<\/p><p>2009<\/p><p>1ER SAL\u00d3N DE ARTE JOVEN COLSANITAS, Universidad de Salamanca Bogot\u00e1, Colombia<\/p><p>2008<\/p><p>LOS MEJORES PROYECTOS DE GRADO, Museo de Arte Contempor\u00e1neo de Bogot\u00e1, Bogot\u00e1, Colombia<\/p><p>4 SAL\u00d3N DE ARTE JOVEN, Club el Nogal, Bogot\u00e1, Colombia<\/p><p>SANTOS OLEOS, Facultad de artes ASAB Universidad Distrital Francisco Jos\u00e9 de Caldas, Bogot\u00e1, Colombia<\/p><p>2007<\/p><p>POLIGRAF\u00cdAS, Mirada al grabado y a la gr\u00e1fica contempor\u00e1nea, Facultad de artes ASAB, Bogot\u00e1, Colombia<\/p><p>2006<\/p><p>SAL\u00d3N ASAB INTER UNIVERSITARIO, Facultad de artes ASAB,\u00a0Bogot\u00e1, Colombia<\/p><p>2005<\/p><p>8\u00ba SAL\u00d3N ASAB, Galer\u00eda Facultad de artes ASAB Universidad Distrital Francisco Jos\u00e9 de Caldas, Bogot\u00e1, Colombia<\/p><p>2004<\/p><p>BAT de Arte Popular, Biblioteca Luis \u00c1ngel Arango , Bogot\u00e1, Colombia<\/p><p class=\"cvGsUA direction-ltr align-start para-style-body\"><span class=\"a_GcMg font-feature-liga-off font-feature-clig-off font-feature-calt-off text-decoration-none text-strikethrough-none\">EXPOSICIONES LINA PRIETO<\/span><\/p><p class=\"cvGsUA direction-ltr align-start para-style-body\"><span class=\"a_GcMg font-feature-liga-off font-feature-clig-off font-feature-calt-off text-decoration-none text-strikethrough-none\">2025<\/span><\/p><p class=\"cvGsUA direction-ltr align-start para-style-body\"><span class=\"a_GcMg font-feature-liga-off font-feature-clig-off font-feature-calt-off text-decoration-none text-strikethrough-none\">Pirater\u00eda Sentimental, Casa Verde Galer\u00eda Elsa Pi\u00f1eres. Barranquilla, Colombia<\/span><\/p><p class=\"cvGsUA direction-ltr align-start para-style-body\"><span class=\"a_GcMg font-feature-liga-off font-feature-clig-off font-feature-calt-off text-decoration-none text-strikethrough-none\">2014<\/span><\/p><p class=\"cvGsUA direction-ltr align-start para-style-body\"><span class=\"a_GcMg font-feature-liga-off font-feature-clig-off font-feature-calt-off text-decoration-none text-strikethrough-none\">\u201cSAGRADO CORAZ\u00d3N\u201d , Cementerio Central de Bogot\u00e1. Bogot\u00e1, Colombia<\/span><\/p><p class=\"cvGsUA direction-ltr align-start para-style-body\"><span class=\"a_GcMg font-feature-liga-off font-feature-clig-off font-feature-calt-off text-decoration-none text-strikethrough-none\">2012<\/span><\/p><p class=\"cvGsUA direction-ltr align-start para-style-body\"><span class=\"a_GcMg font-feature-liga-off font-feature-clig-off font-feature-calt-off text-decoration-none text-strikethrough-none\">PROYECTO S.A., Museo de Arte Contempor\u00e1neo de Bogot\u00e1, Bogot\u00e1, Colombia<\/span><\/p><p class=\"cvGsUA direction-ltr align-start para-style-body\"><span class=\"a_GcMg font-feature-liga-off font-feature-clig-off font-feature-calt-off text-decoration-none text-strikethrough-none\">PECATR\u00cdZ, Museo de Arte Contempor\u00e1neo de Bogot\u00e1, Bogot\u00e1, Colombia<\/span><\/p><p class=\"cvGsUA direction-ltr align-start para-style-body\"><span class=\"a_GcMg font-feature-liga-off font-feature-clig-off font-feature-calt-off text-decoration-none text-strikethrough-none\">2011<\/span><\/p><p class=\"cvGsUA direction-ltr align-start para-style-body\"><span class=\"a_GcMg font-feature-liga-off font-feature-clig-off font-feature-calt-off text-decoration-none text-strikethrough-none\">MAQUINOLEKTICA 2, Colectivo Maquinolektica y EL PARCHE Artist Residency, Bogot\u00e1, Colombia<\/span><\/p><p class=\"cvGsUA direction-ltr align-start para-style-body\"><span class=\"a_GcMg font-feature-liga-off font-feature-clig-off font-feature-calt-off text-decoration-none text-strikethrough-none\">2010<\/span><\/p><p class=\"cvGsUA direction-ltr align-start para-style-body\"><span class=\"a_GcMg font-feature-liga-off font-feature-clig-off font-feature-calt-off text-decoration-none text-strikethrough-none\">SAL\u00d3N BIDIMENSIONAL, Universidad Francisco Jos\u00e9 de Caldas Facultad de artes ASAB. Bogot\u00e1, Colombia<\/span><\/p><p class=\"cvGsUA direction-ltr align-start para-style-body\"><span class=\"a_GcMg font-feature-liga-off font-feature-clig-off font-feature-calt-off text-decoration-none text-strikethrough-none\">2007<\/span><\/p><p class=\"cvGsUA direction-ltr align-start para-style-body\"><span class=\"a_GcMg font-feature-liga-off font-feature-clig-off font-feature-calt-off text-decoration-none text-strikethrough-none\">COLEGIADAS, Proyecto Curricular de Artes Pl\u00e1sticas y visuales. Universidad Francisco Jos\u00e9 de Caldas, Facultad de artes ASAB, Bogot\u00e1, Colombia<\/span><\/p>\t\t\t\t\t\t<\/div>\n\t\t\t\t<\/div>\n\t\t\t\t\t<\/div>\n\t\t<\/div>\n\t\t\t\t\t\t\t<\/div>\n\t\t<\/section>\n\t\t\t\t<section class=\"elementor-section elementor-top-section elementor-element elementor-element-a5b92db elementor-section-boxed elementor-section-height-default elementor-section-height-default\" data-id=\"a5b92db\" data-element_type=\"section\">\n\t\t\t\t\t\t<div class=\"elementor-container elementor-column-gap-default\">\n\t\t\t\t\t<div class=\"elementor-column elementor-col-100 elementor-top-column elementor-element elementor-element-e209c1e\" data-id=\"e209c1e\" data-element_type=\"column\">\n\t\t\t<div class=\"elementor-widget-wrap elementor-element-populated\">\n\t\t\t\t\t\t\t\t<div class=\"elementor-element elementor-element-7edf847 elementor-view-default elementor-widget elementor-widget-icon\" data-id=\"7edf847\" data-element_type=\"widget\" data-widget_type=\"icon.default\">\n\t\t\t\t<div class=\"elementor-widget-container\">\n\t\t\t\t\t<div class=\"elementor-icon-wrapper\">\n\t\t\t<a class=\"elementor-icon elementor-animation-pop\" href=\"https:\/\/instagram.com\/jlconstructoreslab?igshid=YTQwZjQ0NmI0OA==\">\n\t\t\t<i aria-hidden=\"true\" class=\"fab fa-instagram\"><\/i>\t\t\t<\/a>\n\t\t<\/div>\n\t\t\t\t<\/div>\n\t\t\t\t<\/div>\n\t\t\t\t\t<\/div>\n\t\t<\/div>\n\t\t\t\t\t\t\t<\/div>\n\t\t<\/section>\n\t\t\t\t\t\t\t<\/div>\n\t\t","protected":false},"excerpt":{"rendered":"<p>BIO J&amp;L CONSTRUCTORES es un d\u00fao art\u00edstico colaborativo conformado desde el a\u00f1o 2012 por los Maestros en Artes Pl\u00e1sticas y Visuales Jimmy Espinosa (Bogot\u00e1, 1984) y Lina Prieto (Bogot\u00e1, 1985). Se graduaron en la Academia Superior de Artes de Bogot\u00e1 A.S.A.B., Universidad Francisco Jos\u00e9 de Caldas, Bogot\u00e1, Colombia, en los a\u00f1os 2008 y 2012, respectivamente. [&hellip;]<\/p>\n","protected":false},"author":1,"featured_media":0,"parent":0,"menu_order":0,"comment_status":"closed","ping_status":"closed","template":"","meta":{"om_disable_all_campaigns":false,"_monsterinsights_skip_tracking":false,"_monsterinsights_sitenote_active":false,"_monsterinsights_sitenote_note":"","_monsterinsights_sitenote_category":0},"_links":{"self":[{"href":"https:\/\/jlconstructoreslab.art\/index.php\/wp-json\/wp\/v2\/pages\/14"}],"collection":[{"href":"https:\/\/jlconstructoreslab.art\/index.php\/wp-json\/wp\/v2\/pages"}],"about":[{"href":"https:\/\/jlconstructoreslab.art\/index.php\/wp-json\/wp\/v2\/types\/page"}],"author":[{"embeddable":true,"href":"https:\/\/jlconstructoreslab.art\/index.php\/wp-json\/wp\/v2\/users\/1"}],"replies":[{"embeddable":true,"href":"https:\/\/jlconstructoreslab.art\/index.php\/wp-json\/wp\/v2\/comments?post=14"}],"version-history":[{"count":115,"href":"https:\/\/jlconstructoreslab.art\/index.php\/wp-json\/wp\/v2\/pages\/14\/revisions"}],"predecessor-version":[{"id":3161,"href":"https:\/\/jlconstructoreslab.art\/index.php\/wp-json\/wp\/v2\/pages\/14\/revisions\/3161"}],"wp:attachment":[{"href":"https:\/\/jlconstructoreslab.art\/index.php\/wp-json\/wp\/v2\/media?parent=14"}],"curies":[{"name":"wp","href":"https:\/\/api.w.org\/{rel}","templated":true}]}}